{"id":1147,"date":"2023-11-28T11:49:16","date_gmt":"2023-11-28T11:49:16","guid":{"rendered":"https:\/\/jjk.merioscloud.de\/?page_id=1147"},"modified":"2024-01-11T17:59:42","modified_gmt":"2024-01-11T17:59:42","slug":"ehegattenvertretungsrecht","status":"publish","type":"page","link":"https:\/\/skfm-nk.de\/index.php\/ehegattenvertretungsrecht\/","title":{"rendered":"Ehegattenvertretungsrecht"},"content":{"rendered":"\t\t<div data-elementor-type=\"wp-page\" data-elementor-id=\"1147\" class=\"elementor elementor-1147\" data-elementor-post-type=\"page\">\n\t\t\t\t<div class=\"elementor-element elementor-element-85d21a6 e-flex e-con-boxed e-con e-parent\" data-id=\"85d21a6\" data-element_type=\"container\">\n\t\t\t\t\t<div class=\"e-con-inner\">\n\t\t<div class=\"elementor-element elementor-element-16ba8f9 e-flex e-con-boxed e-con e-child\" data-id=\"16ba8f9\" data-element_type=\"container\">\n\t\t\t\t\t<div class=\"e-con-inner\">\n\t\t\t\t<div class=\"elementor-element elementor-element-77b27df elementor-widget__width-inherit elementor-widget-divider--view-line elementor-invisible elementor-widget elementor-widget-divider\" data-id=\"77b27df\" data-element_type=\"widget\" data-settings=\"{&quot;_animation&quot;:&quot;fadeInLeft&quot;}\" data-widget_type=\"divider.default\">\n\t\t\t\t<div class=\"elementor-widget-container\">\n\t\t\t\t\t\t\t<div class=\"elementor-divider\">\n\t\t\t<span class=\"elementor-divider-separator\">\n\t\t\t\t\t\t<\/span>\n\t\t<\/div>\n\t\t\t\t\t\t<\/div>\n\t\t\t\t<\/div>\n\t\t\t\t<div class=\"elementor-element elementor-element-9b4429f elementor-widget__width-initial elementor-widget-tablet__width-inherit elementor-widget elementor-widget-heading\" data-id=\"9b4429f\" data-element_type=\"widget\" data-widget_type=\"heading.default\">\n\t\t\t\t<div class=\"elementor-widget-container\">\n\t\t\t\t\t<h2 class=\"elementor-heading-title elementor-size-default\">Ehegatten-<br \/>vertretungs&shy;recht<\/h2>\t\t\t\t<\/div>\n\t\t\t\t<\/div>\n\t\t\t\t<div class=\"elementor-element elementor-element-f6d7963 elementor-widget__width-initial elementor-widget-tablet__width-inherit elementor-widget elementor-widget-text-editor\" data-id=\"f6d7963\" data-element_type=\"widget\" data-widget_type=\"text-editor.default\">\n\t\t\t\t<div class=\"elementor-widget-container\">\n\t\t\t\t\t\t\t\t\t<p>Seit 1.1.2023 besteht in medizinischen Notfallsituationen die M\u00f6glichkeit, dass Ehepartner sich gegenseitig rechtlich vertreten k\u00f6nnen. Diese Vertretung beschr\u00e4nkt sich im Wesentlichen auf Entscheidungen im Rahmen der Gesundheitssorge und ist maximal f\u00fcr sechs Monate m\u00f6glich.<\/p>\t\t\t\t\t\t\t\t<\/div>\n\t\t\t\t<\/div>\n\t\t\t\t\t<\/div>\n\t\t\t\t<\/div>\n\t\t\t\t\t<\/div>\n\t\t\t\t<\/div>\n\t\t\t\t<\/div>\n\t\t","protected":false},"excerpt":{"rendered":"<p>Ehegatten-vertretungs&shy;recht Seit 1.1.2023 besteht in medizinischen Notfallsituationen die M\u00f6glichkeit, dass Ehepartner sich gegenseitig rechtlich vertreten k\u00f6nnen. Diese Vertretung beschr\u00e4nkt sich im Wesentlichen auf Entscheidungen im Rahmen der Gesundheitssorge und ist maximal f\u00fcr sechs Monate m\u00f6glich.<\/p>\n","protected":false},"author":1,"featured_media":0,"parent":0,"menu_order":0,"comment_status":"closed","ping_status":"closed","template":"","meta":{"footnotes":""},"class_list":["post-1147","page","type-page","status-publish","hentry"],"_links":{"self":[{"href":"https:\/\/skfm-nk.de\/index.php\/wp-json\/wp\/v2\/pages\/1147","targetHints":{"allow":["GET"]}}],"collection":[{"href":"https:\/\/skfm-nk.de\/index.php\/wp-json\/wp\/v2\/pages"}],"about":[{"href":"https:\/\/skfm-nk.de\/index.php\/wp-json\/wp\/v2\/types\/page"}],"author":[{"embeddable":true,"href":"https:\/\/skfm-nk.de\/index.php\/wp-json\/wp\/v2\/users\/1"}],"replies":[{"embeddable":true,"href":"https:\/\/skfm-nk.de\/index.php\/wp-json\/wp\/v2\/comments?post=1147"}],"version-history":[{"count":46,"href":"https:\/\/skfm-nk.de\/index.php\/wp-json\/wp\/v2\/pages\/1147\/revisions"}],"predecessor-version":[{"id":3365,"href":"https:\/\/skfm-nk.de\/index.php\/wp-json\/wp\/v2\/pages\/1147\/revisions\/3365"}],"wp:attachment":[{"href":"https:\/\/skfm-nk.de\/index.php\/wp-json\/wp\/v2\/media?parent=1147"}],"curies":[{"name":"wp","href":"https:\/\/api.w.org\/{rel}","templated":true}]}}