{"id":561,"date":"2023-10-17T14:17:59","date_gmt":"2023-10-17T14:17:59","guid":{"rendered":"https:\/\/jjk.merioscloud.de\/?page_id=561"},"modified":"2024-02-06T09:32:16","modified_gmt":"2024-02-06T09:32:16","slug":"betreuungsverfuegung","status":"publish","type":"page","link":"https:\/\/skfm-nk.de\/index.php\/betreuungsverfuegung\/","title":{"rendered":"Betreuungsverf\u00fcgung"},"content":{"rendered":"\t\t<div data-elementor-type=\"wp-page\" data-elementor-id=\"561\" class=\"elementor elementor-561\" data-elementor-post-type=\"page\">\n\t\t\t\t<div class=\"elementor-element elementor-element-b6bd609 e-flex e-con-boxed e-con e-child\" data-id=\"b6bd609\" data-element_type=\"container\">\n\t\t\t\t\t<div class=\"e-con-inner\">\n\t\t\t\t<div class=\"elementor-element elementor-element-40d49ee elementor-widget__width-inherit elementor-widget-divider--view-line elementor-invisible elementor-widget elementor-widget-divider\" data-id=\"40d49ee\" data-element_type=\"widget\" data-settings=\"{&quot;_animation&quot;:&quot;fadeInLeft&quot;}\" data-widget_type=\"divider.default\">\n\t\t\t\t<div class=\"elementor-widget-container\">\n\t\t\t\t\t\t\t<div class=\"elementor-divider\">\n\t\t\t<span class=\"elementor-divider-separator\">\n\t\t\t\t\t\t<\/span>\n\t\t<\/div>\n\t\t\t\t\t\t<\/div>\n\t\t\t\t<\/div>\n\t\t\t\t<div class=\"elementor-element elementor-element-02ddbde elementor-widget__width-initial elementor-widget-tablet__width-inherit elementor-widget elementor-widget-heading\" data-id=\"02ddbde\" data-element_type=\"widget\" data-widget_type=\"heading.default\">\n\t\t\t\t<div class=\"elementor-widget-container\">\n\t\t\t\t\t<h3 class=\"elementor-heading-title elementor-size-default\">Die Betreuungs&shy;verf\u00fcgung<\/h3>\t\t\t\t<\/div>\n\t\t\t\t<\/div>\n\t\t\t\t<div class=\"elementor-element elementor-element-e1feb14 elementor-widget__width-initial elementor-widget-tablet__width-inherit elementor-widget elementor-widget-text-editor\" data-id=\"e1feb14\" data-element_type=\"widget\" data-widget_type=\"text-editor.default\">\n\t\t\t\t<div class=\"elementor-widget-container\">\n\t\t\t\t\t\t\t\t\t<p><strong>Was wird mit der Betreuungsverf\u00fcgung geregelt ?<br \/><\/strong>In der Betreuungsverf\u00fcgung kann geregelt werden, wer im Bedarfsfall BetreuerIn werden soll, falls keine Vollmacht vorliegt. Es kann aber auch festgelegt werden, wer in keinem Fall BetreuerIn werden soll.<\/p><p><strong>Anweisungen an die\/den BetreuerIn<br \/><\/strong>In der Betreuungsverf\u00fcgung k\u00f6nnen Anweisungen formuliert werden, die die\/der BetreuerIn zu beachten hat, z. B. dass ein Haus nur dann verkauft werden darf, wenn es zur Deckung der Heimkosten notwendig wird.<\/p><p><strong>Muss sich das Gericht an die Verf\u00fcgung halten?<\/strong><br \/>Das Gericht muss sich an den Vorschlag halten. Nur wenn deutlich wird, dass die vorgeschlagene Person nicht geeignet ist, darf das Betreuungsgericht eine andere Person als BetreuerIn einsetzen.<\/p><p><strong>Tipp:<\/strong><br \/>F\u00fchren Sie stets eine <a href=\"https:\/\/skfm-nk.de\/index.php\/notfallkarte\/\"><strong><span style=\"text-decoration: underline;\">Notfallkarte<\/span><\/strong><\/a> mit sich, um auf Ihre Betreuungsverf\u00fcgung hinzuweisen.<\/p>\t\t\t\t\t\t\t\t<\/div>\n\t\t\t\t<\/div>\n\t\t\t\t\t<\/div>\n\t\t\t\t<\/div>\n\t\t<div class=\"elementor-element elementor-element-9959ca3 e-flex e-con-boxed e-con e-child\" data-id=\"9959ca3\" data-element_type=\"container\">\n\t\t\t\t\t<div class=\"e-con-inner\">\n\t\t\t\t<div class=\"elementor-element elementor-element-615ca73 elementor-widget elementor-widget-image\" data-id=\"615ca73\" data-element_type=\"widget\" data-widget_type=\"image.default\">\n\t\t\t\t<div class=\"elementor-widget-container\">\n\t\t\t\t\t\t\t\t\t\t\t\t\t\t\t\t<a href=\"https:\/\/skfm-nk.de\/wp-content\/uploads\/2023\/11\/22.01.2023_Saarland__dl_broschuere_vorsorge__ab_01.01.2023.pdf\" target=\"_blank\">\n\t\t\t\t\t\t\t<img decoding=\"async\" src=\"https:\/\/skfm-nk.de\/wp-content\/uploads\/elementor\/thumbs\/Vorsorge-Boschuere-Titel-qf7a34xxx63plmy83qhphjhplo3u1fplpa0573mpg0.png\" title=\"Vorsorge Boschuere Titel\" alt=\"Vorsorge Boschuere Titel\" loading=\"lazy\" \/>\t\t\t\t\t\t\t\t<\/a>\n\t\t\t\t\t\t\t\t\t\t\t\t\t\t\t<\/div>\n\t\t\t\t<\/div>\n\t\t\t\t<div class=\"elementor-element elementor-element-7fbfe90 elementor-widget__width-initial elementor-widget-tablet__width-initial elementor-widget elementor-widget-heading\" data-id=\"7fbfe90\" data-element_type=\"widget\" data-widget_type=\"heading.default\">\n\t\t\t\t<div class=\"elementor-widget-container\">\n\t\t\t\t\t<h5 class=\"elementor-heading-title elementor-size-default\">Mehr dazu ab Seite 12<\/h5>\t\t\t\t<\/div>\n\t\t\t\t<\/div>\n\t\t\t\t<div class=\"elementor-element elementor-element-4c2c60a elementor-widget elementor-widget-text-editor\" data-id=\"4c2c60a\" data-element_type=\"widget\" data-widget_type=\"text-editor.default\">\n\t\t\t\t<div class=\"elementor-widget-container\">\n\t\t\t\t\t\t\t\t\t<p>Brosch\u00fcre zur Betreuungsverf\u00fcgung vom saarl\u00e4ndischen Justizministerium<\/p>\t\t\t\t\t\t\t\t<\/div>\n\t\t\t\t<\/div>\n\t\t\t\t\t<\/div>\n\t\t\t\t<\/div>\n\t\t\t\t<\/div>\n\t\t","protected":false},"excerpt":{"rendered":"<p>Die Betreuungs&shy;verf\u00fcgung Was wird mit der Betreuungsverf\u00fcgung geregelt ?In der Betreuungsverf\u00fcgung kann geregelt werden, wer im Bedarfsfall BetreuerIn werden soll, falls keine Vollmacht vorliegt. Es kann aber auch festgelegt werden, wer in keinem Fall BetreuerIn werden soll. Anweisungen an die\/den BetreuerInIn der Betreuungsverf\u00fcgung k\u00f6nnen Anweisungen formuliert werden, die die\/der BetreuerIn zu beachten hat, z. B. [&hellip;]<\/p>\n","protected":false},"author":1,"featured_media":0,"parent":0,"menu_order":0,"comment_status":"closed","ping_status":"closed","template":"","meta":{"footnotes":""},"class_list":["post-561","page","type-page","status-publish","hentry"],"_links":{"self":[{"href":"https:\/\/skfm-nk.de\/index.php\/wp-json\/wp\/v2\/pages\/561","targetHints":{"allow":["GET"]}}],"collection":[{"href":"https:\/\/skfm-nk.de\/index.php\/wp-json\/wp\/v2\/pages"}],"about":[{"href":"https:\/\/skfm-nk.de\/index.php\/wp-json\/wp\/v2\/types\/page"}],"author":[{"embeddable":true,"href":"https:\/\/skfm-nk.de\/index.php\/wp-json\/wp\/v2\/users\/1"}],"replies":[{"embeddable":true,"href":"https:\/\/skfm-nk.de\/index.php\/wp-json\/wp\/v2\/comments?post=561"}],"version-history":[{"count":49,"href":"https:\/\/skfm-nk.de\/index.php\/wp-json\/wp\/v2\/pages\/561\/revisions"}],"predecessor-version":[{"id":3575,"href":"https:\/\/skfm-nk.de\/index.php\/wp-json\/wp\/v2\/pages\/561\/revisions\/3575"}],"wp:attachment":[{"href":"https:\/\/skfm-nk.de\/index.php\/wp-json\/wp\/v2\/media?parent=561"}],"curies":[{"name":"wp","href":"https:\/\/api.w.org\/{rel}","templated":true}]}}