{"id":563,"date":"2023-10-17T14:18:23","date_gmt":"2023-10-17T14:18:23","guid":{"rendered":"https:\/\/jjk.merioscloud.de\/?page_id=563"},"modified":"2024-02-06T09:27:27","modified_gmt":"2024-02-06T09:27:27","slug":"vorsorgevollmacht","status":"publish","type":"page","link":"https:\/\/skfm-nk.de\/index.php\/vorsorgevollmacht\/","title":{"rendered":"Vorsorgevollmacht"},"content":{"rendered":"\t\t<div data-elementor-type=\"wp-page\" data-elementor-id=\"563\" class=\"elementor elementor-563\" data-elementor-post-type=\"page\">\n\t\t\t\t<div class=\"elementor-element elementor-element-7e0b397 e-con-full e-flex e-con e-parent\" data-id=\"7e0b397\" data-element_type=\"container\">\n\t\t<div class=\"elementor-element elementor-element-2e3fcd1 e-flex e-con-boxed e-con e-child\" data-id=\"2e3fcd1\" data-element_type=\"container\">\n\t\t\t\t\t<div class=\"e-con-inner\">\n\t\t\t\t<div class=\"elementor-element elementor-element-604b539 elementor-widget__width-inherit elementor-widget-divider--view-line elementor-invisible elementor-widget elementor-widget-divider\" data-id=\"604b539\" data-element_type=\"widget\" data-settings=\"{&quot;_animation&quot;:&quot;fadeInLeft&quot;}\" data-widget_type=\"divider.default\">\n\t\t\t\t<div class=\"elementor-widget-container\">\n\t\t\t\t\t\t\t<div class=\"elementor-divider\">\n\t\t\t<span class=\"elementor-divider-separator\">\n\t\t\t\t\t\t<\/span>\n\t\t<\/div>\n\t\t\t\t\t\t<\/div>\n\t\t\t\t<\/div>\n\t\t\t\t<div class=\"elementor-element elementor-element-a890f3c elementor-widget__width-initial elementor-widget-tablet__width-inherit elementor-widget elementor-widget-heading\" data-id=\"a890f3c\" data-element_type=\"widget\" data-widget_type=\"heading.default\">\n\t\t\t\t<div class=\"elementor-widget-container\">\n\t\t\t\t\t<h2 class=\"elementor-heading-title elementor-size-default\">Vorsorge&shy;vollmacht<\/h2>\t\t\t\t<\/div>\n\t\t\t\t<\/div>\n\t\t\t\t<div class=\"elementor-element elementor-element-f880ea6 elementor-widget__width-initial elementor-widget-tablet__width-inherit elementor-widget elementor-widget-text-editor\" data-id=\"f880ea6\" data-element_type=\"widget\" data-widget_type=\"text-editor.default\">\n\t\t\t\t<div class=\"elementor-widget-container\">\n\t\t\t\t\t\t\t\t\t<p><strong>Warum ben\u00f6tigt man eine Vollmacht?<\/strong><br \/>In Deutschland gibt es kein automatisches Vertretungsrecht. Wenn keine Vollmacht vorhanden ist oder eine rechtliche Betreuung besteht, darf weder die\/der Ehe- oder LebenspartnerIn, noch Kinder oder Eltern die\/den Betroffene\/n rechtlich vertreten. Das seit 1.1.2023 wirksame Ehegattenvertretungsrecht bezieht sich lediglich auf medizinische Notfallsituationen und ist auf sechs Monate begrenzt.<\/p><p><strong>Wer kann Bevollm\u00e4chtigte\/r werden?<\/strong><br \/>Die\/der Bevollm\u00e4chtigte sollte eine Vertrauensperson sein. Im Rahmen der Vollmacht kann die\/der Bevollm\u00e4chtigte Rechtsgesch\u00e4fte wahrnehmen, ohne dass sie\/er vom Betreuungsgericht kontrolliert wird.<\/p><p><strong>Wer kann nicht Bevollm\u00e4chtigte\/r werden ?<\/strong><br \/>Bevollm\u00e4chtigte\/r kann nicht werden, wer in der Einrichtung arbeitet, in der der Vollmachtgeber wohnt.<\/p><p><strong>Was darf die\/der Bevollm\u00e4chtigte entscheiden?<\/strong><br \/>Derjenige der die Vollmacht erteilt (VollmachtgeberIn) legt in der Vollmacht fest, in welchem Umfang die\/der Bevollm\u00e4chtigte vertretungsberechtigt ist. Eine rechtliche Vertretung kann sowohl f\u00fcr einzelne, als auch f\u00fcr alle Lebensbereiche erteilt werden. Die\/der Bevollm\u00e4chtigte darf auch bei schwierigen medizinischen oder bei freiheitsentziehenden Ma\u00dfnahmen Entscheidungen treffen, wenn dies ausdr\u00fccklich in der Vollmacht steht. Diese Entscheidungen m\u00fcssen zus\u00e4tzlich vom Betreuungsgericht genehmigt werden.<\/p><p><strong>Muss die Vollmacht notartiell beglaubigt oder beurkundet sein?<\/strong><br \/>Die Vollmacht ist wirksam, wenn die\/der VollmachtgeberIn sie unterschreibt und dabei gesch\u00e4ftsf\u00e4hig ist. Eine \u00f6ffentliche Beglaubigung oder die notarielle Beurkundung ist nur in bestimmten F\u00e4llen erforderlich.<\/p><p><strong>Tipp<\/strong><br \/>F\u00fchren Sie stets eine <a href=\"https:\/\/skfm-nk.de\/index.php\/notfallkarte\/\"><strong><span style=\"text-decoration: underline;\">Notfallkarte<\/span><\/strong><\/a> mit sich, in der Sie auf Ihre Vorsorgevollmacht hinweisen.<\/p>\t\t\t\t\t\t\t\t<\/div>\n\t\t\t\t<\/div>\n\t\t\t\t\t<\/div>\n\t\t\t\t<\/div>\n\t\t<div class=\"elementor-element elementor-element-98bc1a7 e-flex e-con-boxed e-con e-child\" data-id=\"98bc1a7\" data-element_type=\"container\">\n\t\t\t\t\t<div class=\"e-con-inner\">\n\t\t<div class=\"elementor-element elementor-element-3a35e2b e-flex e-con-boxed e-con e-child\" data-id=\"3a35e2b\" data-element_type=\"container\">\n\t\t\t\t\t<div class=\"e-con-inner\">\n\t\t\t\t<div class=\"elementor-element elementor-element-277c97d elementor-widget elementor-widget-image\" data-id=\"277c97d\" data-element_type=\"widget\" data-widget_type=\"image.default\">\n\t\t\t\t<div class=\"elementor-widget-container\">\n\t\t\t\t\t\t\t\t\t\t\t\t\t\t\t\t<a href=\"https:\/\/skfm-nk.de\/wp-content\/uploads\/2023\/11\/22.01.2023_Saarland__dl_broschuere_vorsorge__ab_01.01.2023.pdf\" target=\"_blank\">\n\t\t\t\t\t\t\t<img decoding=\"async\" src=\"https:\/\/skfm-nk.de\/wp-content\/uploads\/elementor\/thumbs\/Vorsorge-Boschuere-Titel-qf7a34xxx63plmy83qhphjhplo3u1fplpa0573mpg0.png\" title=\"Vorsorge Boschuere Titel\" alt=\"Vorsorge Boschuere Titel\" loading=\"lazy\" \/>\t\t\t\t\t\t\t\t<\/a>\n\t\t\t\t\t\t\t\t\t\t\t\t\t\t\t<\/div>\n\t\t\t\t<\/div>\n\t\t\t\t<div class=\"elementor-element elementor-element-3273385 elementor-widget__width-initial elementor-widget-tablet__width-initial elementor-widget elementor-widget-heading\" data-id=\"3273385\" data-element_type=\"widget\" data-widget_type=\"heading.default\">\n\t\t\t\t<div class=\"elementor-widget-container\">\n\t\t\t\t\t<h5 class=\"elementor-heading-title elementor-size-default\">Mehr dazu ab Seite 5<\/h5>\t\t\t\t<\/div>\n\t\t\t\t<\/div>\n\t\t\t\t<div class=\"elementor-element elementor-element-f20ca3c elementor-widget elementor-widget-text-editor\" data-id=\"f20ca3c\" data-element_type=\"widget\" data-widget_type=\"text-editor.default\">\n\t\t\t\t<div class=\"elementor-widget-container\">\n\t\t\t\t\t\t\t\t\t<p>Brosch\u00fcre zur Betreuungsverf\u00fcgung vom saarl\u00e4ndischen Justizministerium<\/p>\t\t\t\t\t\t\t\t<\/div>\n\t\t\t\t<\/div>\n\t\t\t\t\t<\/div>\n\t\t\t\t<\/div>\n\t\t\t\t\t<\/div>\n\t\t\t\t<\/div>\n\t\t\t\t<\/div>\n\t\t\t\t<\/div>\n\t\t","protected":false},"excerpt":{"rendered":"<p>Vorsorge&shy;vollmacht Warum ben\u00f6tigt man eine Vollmacht?In Deutschland gibt es kein automatisches Vertretungsrecht. Wenn keine Vollmacht vorhanden ist oder eine rechtliche Betreuung besteht, darf weder die\/der Ehe- oder LebenspartnerIn, noch Kinder oder Eltern die\/den Betroffene\/n rechtlich vertreten. Das seit 1.1.2023 wirksame Ehegattenvertretungsrecht bezieht sich lediglich auf medizinische Notfallsituationen und ist auf sechs Monate begrenzt. Wer kann [&hellip;]<\/p>\n","protected":false},"author":1,"featured_media":0,"parent":0,"menu_order":0,"comment_status":"closed","ping_status":"closed","template":"","meta":{"footnotes":""},"class_list":["post-563","page","type-page","status-publish","hentry"],"_links":{"self":[{"href":"https:\/\/skfm-nk.de\/index.php\/wp-json\/wp\/v2\/pages\/563","targetHints":{"allow":["GET"]}}],"collection":[{"href":"https:\/\/skfm-nk.de\/index.php\/wp-json\/wp\/v2\/pages"}],"about":[{"href":"https:\/\/skfm-nk.de\/index.php\/wp-json\/wp\/v2\/types\/page"}],"author":[{"embeddable":true,"href":"https:\/\/skfm-nk.de\/index.php\/wp-json\/wp\/v2\/users\/1"}],"replies":[{"embeddable":true,"href":"https:\/\/skfm-nk.de\/index.php\/wp-json\/wp\/v2\/comments?post=563"}],"version-history":[{"count":43,"href":"https:\/\/skfm-nk.de\/index.php\/wp-json\/wp\/v2\/pages\/563\/revisions"}],"predecessor-version":[{"id":3568,"href":"https:\/\/skfm-nk.de\/index.php\/wp-json\/wp\/v2\/pages\/563\/revisions\/3568"}],"wp:attachment":[{"href":"https:\/\/skfm-nk.de\/index.php\/wp-json\/wp\/v2\/media?parent=563"}],"curies":[{"name":"wp","href":"https:\/\/api.w.org\/{rel}","templated":true}]}}