{"id":573,"date":"2023-10-17T14:26:57","date_gmt":"2023-10-17T14:26:57","guid":{"rendered":"https:\/\/jjk.merioscloud.de\/?page_id=573"},"modified":"2025-07-24T10:32:43","modified_gmt":"2025-07-24T10:32:43","slug":"rechtliche-betreuung","status":"publish","type":"page","link":"https:\/\/skfm-nk.de\/index.php\/rechtliche-betreuung\/","title":{"rendered":"Rechtliche Betreuung"},"content":{"rendered":"\t\t<div data-elementor-type=\"wp-page\" data-elementor-id=\"573\" class=\"elementor elementor-573\" data-elementor-post-type=\"page\">\n\t\t\t\t<div class=\"elementor-element elementor-element-e3d3ec6 e-flex e-con-boxed e-con e-child\" data-id=\"e3d3ec6\" data-element_type=\"container\">\n\t\t\t\t\t<div class=\"e-con-inner\">\n\t\t\t\t<div class=\"elementor-element elementor-element-492b891 elementor-widget__width-inherit elementor-widget-divider--view-line elementor-invisible elementor-widget elementor-widget-divider\" data-id=\"492b891\" data-element_type=\"widget\" data-settings=\"{&quot;_animation&quot;:&quot;fadeInLeft&quot;}\" data-widget_type=\"divider.default\">\n\t\t\t\t<div class=\"elementor-widget-container\">\n\t\t\t\t\t\t\t<div class=\"elementor-divider\">\n\t\t\t<span class=\"elementor-divider-separator\">\n\t\t\t\t\t\t<\/span>\n\t\t<\/div>\n\t\t\t\t\t\t<\/div>\n\t\t\t\t<\/div>\n\t\t\t\t<div class=\"elementor-element elementor-element-2e4a3f0 elementor-widget__width-initial elementor-widget-tablet__width-inherit elementor-widget elementor-widget-heading\" data-id=\"2e4a3f0\" data-element_type=\"widget\" data-widget_type=\"heading.default\">\n\t\t\t\t<div class=\"elementor-widget-container\">\n\t\t\t\t\t<h2 class=\"elementor-heading-title elementor-size-default\">Rechtliche Betreuung<\/h2>\t\t\t\t<\/div>\n\t\t\t\t<\/div>\n\t\t\t\t<div class=\"elementor-element elementor-element-6549a80 elementor-widget__width-initial elementor-widget-tablet__width-inherit elementor-widget elementor-widget-text-editor\" data-id=\"6549a80\" data-element_type=\"widget\" data-widget_type=\"text-editor.default\">\n\t\t\t\t<div class=\"elementor-widget-container\">\n\t\t\t\t\t\t\t\t\t<p><strong>Was hei\u00dft Betreuung?<\/strong><br \/>Unter Betreuung wird die rechtliche Vertretung einer\/eines Hilfebed\u00fcrftigen verstanden. Kann diese\/dieser Ihre\/seine Angelegenheiten ganz oder teilweise nicht besorgen und beruht dies auf einer Krankheit oder Behinderung, so bestellt das Betreuungsgericht f\u00fcr sie\/ihn eine\/n rechtliche\/n BetreuerIn. Die\/der BetreuerIn darf die\/den Hilfebed\u00fcrftige\/n in den vom Gericht festgelegten Aufgabenbereichen rechtlich vertreten.<\/p><p><strong>Wird ein betreuter Mensch entm\u00fcndigt?<\/strong><br \/>Betreuung bedeutet nicht zugleich die Entm\u00fcndigung der\/des Betreuten. Das Betreuungsrecht hat 1992 das Vormundschafts- und Pflegschaftsrecht und damit auch die Entm\u00fcndigung abgel\u00f6st. Die\/der Betreute bleibt also voll gesch\u00e4ftsf\u00e4hig. Die Betreuung soll der\/dem Betreuten dabei helfen, ein selbstbestimmtes Leben nach seinen\/ihren Vorstellungen\u00a0 zu f\u00fchren. Die\/der BetreuerIn muss die W\u00fcnsche und Bed\u00fcrfnisse der\/des Betreuten ber\u00fccksichtigen und die Angelegenheiten, die zu regeln sind, mit ihr\/ihm besprechen.<\/p><p><strong>Welche Rechte hat die\/der Betreute?<\/strong><br \/>Jede\/r Betreute hat ein Recht auf ein selbstbestimmtes Leben. Grund- und Menschenrechte werden durch die Betreuung nicht ber\u00fchrt. Dies bedeutet beispielsweise auch, dass jede\/r Betroffene die M\u00f6glichkeit hat, eine\/n BetreuerIn vorzuschlagen. Lediglich wenn die\/der Betroffene keine\/n BetreuerIn vorschl\u00e4gt, wird ein\/e ehrenamtliche\/r FremdbetreuerIn (in schwierigen F\u00e4llen ein\/e Vereins- oder BerufsbetreuerIn) eingesetzt. Ebenso hat die\/der Betreute zun\u00e4chst selbst das Recht Entscheidungen \u00fcber \u00e4rztliche Eingriffe und medizinische Behandlungen zu treffen. Nur wenn die\/der Betreute selbst nicht mehr versteht, was sie\/er entscheiden soll, also einwilligungsunf\u00e4hig ist, darf die\/der BetreuerIn f\u00fcr sie\/ihn Entscheidungen treffen.<br \/>Der Betreuer\/die Betreuerin macht von seinem\/ihrem Vertretungsrecht nur Gebrauch, soweit dies erforderlich ist <a href=\"https:\/\/dejure.org\/gesetze\/BGB\/1821.html\" target=\"_blank\" rel=\"noopener\"><strong>(\u00a71821 Abs 1 BGB)<\/strong><\/a>.<\/p>\t\t\t\t\t\t\t\t<\/div>\n\t\t\t\t<\/div>\n\t\t\t\t\t<\/div>\n\t\t\t\t<\/div>\n\t\t<div class=\"elementor-element elementor-element-5fd479f e-flex e-con-boxed e-con e-parent\" data-id=\"5fd479f\" data-element_type=\"container\">\n\t\t\t\t\t<div class=\"e-con-inner\">\n\t\t\t\t<div class=\"elementor-element elementor-element-c1a6bab elementor-widget__width-initial elementor-widget-laptop__width-initial elementor-widget elementor-widget-image\" data-id=\"c1a6bab\" data-element_type=\"widget\" data-widget_type=\"image.default\">\n\t\t\t\t<div class=\"elementor-widget-container\">\n\t\t\t\t\t\t\t\t\t\t\t\t\t\t\t\t<a href=\"https:\/\/skfm-nk.de\/wp-content\/uploads\/2025\/07\/BtG-in-einfacher-Sprache.pdf\" target=\"_blank\">\n\t\t\t\t\t\t\t<img fetchpriority=\"high\" decoding=\"async\" width=\"214\" height=\"300\" src=\"https:\/\/skfm-nk.de\/wp-content\/uploads\/2025\/07\/BtG-in-einfacher-Sprache-214x300.jpg\" class=\"attachment-medium size-medium wp-image-4200\" alt=\"\" srcset=\"https:\/\/skfm-nk.de\/wp-content\/uploads\/2025\/07\/BtG-in-einfacher-Sprache-214x300.jpg 214w, https:\/\/skfm-nk.de\/wp-content\/uploads\/2025\/07\/BtG-in-einfacher-Sprache.jpg 642w\" sizes=\"(max-width: 214px) 100vw, 214px\" \/>\t\t\t\t\t\t\t\t<\/a>\n\t\t\t\t\t\t\t\t\t\t\t\t\t\t\t<\/div>\n\t\t\t\t<\/div>\n\t\t\t\t\t<\/div>\n\t\t\t\t<\/div>\n\t\t\t\t<\/div>\n\t\t","protected":false},"excerpt":{"rendered":"<p>Rechtliche Betreuung Was hei\u00dft Betreuung?Unter Betreuung wird die rechtliche Vertretung einer\/eines Hilfebed\u00fcrftigen verstanden. Kann diese\/dieser Ihre\/seine Angelegenheiten ganz oder teilweise nicht besorgen und beruht dies auf einer Krankheit oder Behinderung, so bestellt das Betreuungsgericht f\u00fcr sie\/ihn eine\/n rechtliche\/n BetreuerIn. Die\/der BetreuerIn darf die\/den Hilfebed\u00fcrftige\/n in den vom Gericht festgelegten Aufgabenbereichen rechtlich vertreten. Wird ein betreuter [&hellip;]<\/p>\n","protected":false},"author":1,"featured_media":0,"parent":0,"menu_order":0,"comment_status":"closed","ping_status":"closed","template":"","meta":{"footnotes":""},"class_list":["post-573","page","type-page","status-publish","hentry"],"_links":{"self":[{"href":"https:\/\/skfm-nk.de\/index.php\/wp-json\/wp\/v2\/pages\/573","targetHints":{"allow":["GET"]}}],"collection":[{"href":"https:\/\/skfm-nk.de\/index.php\/wp-json\/wp\/v2\/pages"}],"about":[{"href":"https:\/\/skfm-nk.de\/index.php\/wp-json\/wp\/v2\/types\/page"}],"author":[{"embeddable":true,"href":"https:\/\/skfm-nk.de\/index.php\/wp-json\/wp\/v2\/users\/1"}],"replies":[{"embeddable":true,"href":"https:\/\/skfm-nk.de\/index.php\/wp-json\/wp\/v2\/comments?post=573"}],"version-history":[{"count":76,"href":"https:\/\/skfm-nk.de\/index.php\/wp-json\/wp\/v2\/pages\/573\/revisions"}],"predecessor-version":[{"id":4255,"href":"https:\/\/skfm-nk.de\/index.php\/wp-json\/wp\/v2\/pages\/573\/revisions\/4255"}],"wp:attachment":[{"href":"https:\/\/skfm-nk.de\/index.php\/wp-json\/wp\/v2\/media?parent=573"}],"curies":[{"name":"wp","href":"https:\/\/api.w.org\/{rel}","templated":true}]}}