{"id":594,"date":"2023-10-17T14:56:53","date_gmt":"2023-10-17T14:56:53","guid":{"rendered":"https:\/\/jjk.merioscloud.de\/?page_id=594"},"modified":"2024-01-12T15:34:45","modified_gmt":"2024-01-12T15:34:45","slug":"versicherungen-fuer-betreuerinnen","status":"publish","type":"page","link":"https:\/\/skfm-nk.de\/index.php\/versicherungen-fuer-betreuerinnen\/","title":{"rendered":"Versicherungen f\u00fcr BetreuerInnen"},"content":{"rendered":"\t\t<div data-elementor-type=\"wp-page\" data-elementor-id=\"594\" class=\"elementor elementor-594\" data-elementor-post-type=\"page\">\n\t\t\t\t<div class=\"elementor-element elementor-element-2eb6b40b e-flex e-con-boxed e-con e-child\" data-id=\"2eb6b40b\" data-element_type=\"container\">\n\t\t\t\t\t<div class=\"e-con-inner\">\n\t\t\t\t<div class=\"elementor-element elementor-element-6c4babe5 elementor-widget__width-inherit elementor-widget-divider--view-line elementor-invisible elementor-widget elementor-widget-divider\" data-id=\"6c4babe5\" data-element_type=\"widget\" data-settings=\"{&quot;_animation&quot;:&quot;fadeInLeft&quot;}\" data-widget_type=\"divider.default\">\n\t\t\t\t<div class=\"elementor-widget-container\">\n\t\t\t\t\t\t\t<div class=\"elementor-divider\">\n\t\t\t<span class=\"elementor-divider-separator\">\n\t\t\t\t\t\t<\/span>\n\t\t<\/div>\n\t\t\t\t\t\t<\/div>\n\t\t\t\t<\/div>\n\t\t\t\t<div class=\"elementor-element elementor-element-79cda25a elementor-widget__width-initial elementor-widget-tablet__width-inherit elementor-widget elementor-widget-heading\" data-id=\"79cda25a\" data-element_type=\"widget\" data-widget_type=\"heading.default\">\n\t\t\t\t<div class=\"elementor-widget-container\">\n\t\t\t\t\t<h2 class=\"elementor-heading-title elementor-size-default\">Versicherungen f\u00fcr BetreuerInnen<\/h2>\t\t\t\t<\/div>\n\t\t\t\t<\/div>\n\t\t\t\t<div class=\"elementor-element elementor-element-2cc55fdd elementor-widget__width-initial elementor-widget-tablet__width-inherit elementor-widget elementor-widget-text-editor\" data-id=\"2cc55fdd\" data-element_type=\"widget\" data-widget_type=\"text-editor.default\">\n\t\t\t\t<div class=\"elementor-widget-container\">\n\t\t\t\t\t\t\t\t\t<p><strong>Versicherungen f\u00fcr BetreuerInnen<\/strong> <br \/>BetreuerInnen, die ehrenamtlich eine Betreuung \u00fcbernommen haben, sind automatisch mit der Bestellung durch das Amtsgericht im Rahmen einer Verm\u00f6gensschaden-Haftpflichtversicherung \u00fcber das Saarland versichert.<\/p><p>Sind BetreuerInnen in einem Betreuungsverein Mitglied, so muss der Verein nach den Bestimmungen des <a href=\"https:\/\/www.buzer.de\/s1.htm?a=14&amp;g=BtOG\" target=\"_blank\" rel=\"noopener\"><span style=\"text-decoration: underline;\"><strong>\u00a7 14 Absatz 1 Nr. 2 BtOG<\/strong><\/span><\/a> (Betreuungsorganisationsgesetz) daf\u00fcr Sorge tragen, dass die BetreuerInnen &#8222;gegen Sch\u00e4den, die sie im Rahmen ihrer T\u00e4tigkeit anderen zuf\u00fcgen k\u00f6nnen, angemessen versichert werden&#8220;.<\/p><p>F\u00fcr Mitglieder im SKFM Neunkirchen bestehen folgende Versicherungen:<\/p><p><strong>Verm\u00f6genschaden-Haftpflichtversicherung<\/strong><\/p><ul><li>reguliert Verm\u00f6genssch\u00e4den, die die\/der BetreuerIn der\/dem Betreuten zuf\u00fcgt. Es wird beispielsweise vergessen, ein Antrag auf \u00dcbernahme von Heimkosten zu stellen, so dass es zu einem Zahlungsverzug bzw. Zahlungsausfall kommt.<\/li><\/ul><p><strong><br \/>Haftpflichtversicherung<\/strong><\/p><ul><li>reguliert Sch\u00e4den (in der Regel Sachsch\u00e4den), die die\/der BetreuerIn im Rahmen ihrer\/seiner Betreuert\u00e4tigkeit Dritten zuf\u00fcgt.<\/li><\/ul><p><strong><br \/>Kasko-Versicherung<br \/><\/strong><\/p><ul><li>versichert Sch\u00e4den am PKW, die im Rahmen der Betreuert\u00e4tigkeit durch einen verschuldeten Unfall verursacht werden.<\/li><\/ul><p><strong><br \/><\/strong><strong>Rechtsschutz-Versicherung<\/strong><\/p><ul><li>gibt die M\u00f6glichkeit, im Falle einer ungerechtfertigten Anschuldigung sich Rechtsbeistand einzuholen.<\/li><\/ul><p><strong><br \/>Unfallversicherung<\/strong><\/p><ul><li>Unfallversicherung im Rahmen der Berufsgenossenschaft f\u00fcr Gesundheitsdienste und Wohlfahrtspflege.<\/li><\/ul><p>F\u00fcr alle Versicherungen gilt, dass Sch\u00e4den nur bei schuldhaftem Handeln der Betreuerin\/des Betreuers reguliert werden.<\/p>\t\t\t\t\t\t\t\t<\/div>\n\t\t\t\t<\/div>\n\t\t\t\t\t<\/div>\n\t\t\t\t<\/div>\n\t\t\t\t<\/div>\n\t\t","protected":false},"excerpt":{"rendered":"<p>Versicherungen f\u00fcr BetreuerInnen Versicherungen f\u00fcr BetreuerInnen BetreuerInnen, die ehrenamtlich eine Betreuung \u00fcbernommen haben, sind automatisch mit der Bestellung durch das Amtsgericht im Rahmen einer Verm\u00f6gensschaden-Haftpflichtversicherung \u00fcber das Saarland versichert. Sind BetreuerInnen in einem Betreuungsverein Mitglied, so muss der Verein nach den Bestimmungen des \u00a7 14 Absatz 1 Nr. 2 BtOG (Betreuungsorganisationsgesetz) daf\u00fcr Sorge tragen, dass [&hellip;]<\/p>\n","protected":false},"author":1,"featured_media":0,"parent":0,"menu_order":0,"comment_status":"closed","ping_status":"closed","template":"","meta":{"footnotes":""},"class_list":["post-594","page","type-page","status-publish","hentry"],"_links":{"self":[{"href":"https:\/\/skfm-nk.de\/index.php\/wp-json\/wp\/v2\/pages\/594","targetHints":{"allow":["GET"]}}],"collection":[{"href":"https:\/\/skfm-nk.de\/index.php\/wp-json\/wp\/v2\/pages"}],"about":[{"href":"https:\/\/skfm-nk.de\/index.php\/wp-json\/wp\/v2\/types\/page"}],"author":[{"embeddable":true,"href":"https:\/\/skfm-nk.de\/index.php\/wp-json\/wp\/v2\/users\/1"}],"replies":[{"embeddable":true,"href":"https:\/\/skfm-nk.de\/index.php\/wp-json\/wp\/v2\/comments?post=594"}],"version-history":[{"count":37,"href":"https:\/\/skfm-nk.de\/index.php\/wp-json\/wp\/v2\/pages\/594\/revisions"}],"predecessor-version":[{"id":3526,"href":"https:\/\/skfm-nk.de\/index.php\/wp-json\/wp\/v2\/pages\/594\/revisions\/3526"}],"wp:attachment":[{"href":"https:\/\/skfm-nk.de\/index.php\/wp-json\/wp\/v2\/media?parent=594"}],"curies":[{"name":"wp","href":"https:\/\/api.w.org\/{rel}","templated":true}]}}