{"id":596,"date":"2023-10-17T14:57:20","date_gmt":"2023-10-17T14:57:20","guid":{"rendered":"https:\/\/jjk.merioscloud.de\/?page_id=596"},"modified":"2024-02-07T13:44:21","modified_gmt":"2024-02-07T13:44:21","slug":"aufwendungsersatz","status":"publish","type":"page","link":"https:\/\/skfm-nk.de\/index.php\/aufwendungsersatz\/","title":{"rendered":"Aufwendungsersatz"},"content":{"rendered":"\t\t<div data-elementor-type=\"wp-page\" data-elementor-id=\"596\" class=\"elementor elementor-596\" data-elementor-post-type=\"page\">\n\t\t\t\t<div class=\"elementor-element elementor-element-413499ed e-flex e-con-boxed e-con e-child\" data-id=\"413499ed\" data-element_type=\"container\">\n\t\t\t\t\t<div class=\"e-con-inner\">\n\t\t\t\t<div class=\"elementor-element elementor-element-7fee62b4 elementor-widget__width-inherit elementor-widget-divider--view-line elementor-invisible elementor-widget elementor-widget-divider\" data-id=\"7fee62b4\" data-element_type=\"widget\" data-settings=\"{&quot;_animation&quot;:&quot;fadeInLeft&quot;}\" data-widget_type=\"divider.default\">\n\t\t\t\t<div class=\"elementor-widget-container\">\n\t\t\t\t\t\t\t<div class=\"elementor-divider\">\n\t\t\t<span class=\"elementor-divider-separator\">\n\t\t\t\t\t\t<\/span>\n\t\t<\/div>\n\t\t\t\t\t\t<\/div>\n\t\t\t\t<\/div>\n\t\t\t\t<div class=\"elementor-element elementor-element-591961b4 elementor-widget__width-initial elementor-widget-tablet__width-inherit elementor-widget elementor-widget-heading\" data-id=\"591961b4\" data-element_type=\"widget\" data-widget_type=\"heading.default\">\n\t\t\t\t<div class=\"elementor-widget-container\">\n\t\t\t\t\t<h2 class=\"elementor-heading-title elementor-size-default\">Aufwendungs&shy;ersatz<\/h2>\t\t\t\t<\/div>\n\t\t\t\t<\/div>\n\t\t\t\t<div class=\"elementor-element elementor-element-1f7e1b1f elementor-widget__width-initial elementor-widget-tablet__width-inherit elementor-widget elementor-widget-text-editor\" data-id=\"1f7e1b1f\" data-element_type=\"widget\" data-widget_type=\"text-editor.default\">\n\t\t\t\t<div class=\"elementor-widget-container\">\n\t\t\t\t\t\t\t\t\t<p><strong>Werden ehrenamtlichen BetreuerInnen Kosten erstattet?<\/strong><br \/>Jede\/r BetreuerIn, die\/der eine Betreuung ehrenamtlich f\u00fchrt, hat Anspruch auf Aufwendungsersatz. Auch BetreuerInnen, die innerhalb ihrer Familie eine Betreuung f\u00fchren, k\u00f6nnen Aufwendungsersatz verlangen. Sogenannte BerufsbetreuerInnen haben einen Verg\u00fctungsanspruch.<\/p><p><strong>F\u00fcr was wird Aufwendungsersatz gezahlt?<\/strong><br \/>Bei der F\u00fchrung der Betreuung entstehen der\/dem BetreuerIn Kosten f\u00fcr die Fahrt zur\/zum Betreuten, f\u00fcr Porto, Telefon, Kopien und beispielsweise Parkgeb\u00fchren. Diese Aufwendungen werden der\/dem BetreuerIn ersetzt. Kleinere Geschenke f\u00fcr die\/den Betreuten geh\u00f6ren hingegen nicht zu den erstattungsf\u00e4higen Aufwendungen.<\/p><p><strong>Wie hoch ist der Aufwendungsersatz?<\/strong><br \/>Die H\u00f6he ist davon abh\u00e4ngig, ob die\/der BetreuerIn den Pauschalbetrag geltend macht oder die tats\u00e4chlich entstandenen Aufwendungen. Die j\u00e4hrliche Aufwendungspauschale kann grunds\u00e4tzlich jede\/r ehrenamtliche BetreuerIn geltend machen. Ein Nachweis \u00fcber die tats\u00e4chlichen Aufwendungen ist dann \u00fcberfl\u00fcssig. Seit 1.1.2023 betr\u00e4gt die Aufwendungspauschale 425,- Euro\/Jahr. Fallen h\u00f6here Aufwendungen an, so k\u00f6nnen auch diese geltend gemacht werden, allerdings m\u00fcssen diese anhand einer Einzelaufstellung nachgewiesen werden.<\/p><p><strong>Wie wird der Aufwendungsersatz geltend gemacht?<\/strong><br \/>Die\/der BetreuerIn muss erstmals nach einem Betreuungsjahr einen formlosen <a href=\"https:\/\/skfm-nk.de\/wp-content\/uploads\/2023\/12\/Aufwandspauschale_neu.pdf\" target=\"_blank\" rel=\"noopener\">\u2193<strong><span style=\"text-decoration: underline;\">Antrag<\/span><\/strong><\/a> bei der\/dem zust\u00e4ndigen RechtspflegerIn stellen. Er kann l\u00e4ngstens bis zum 31.6. des darauffolgenden Jahres, in dem der Anspruch entsteht, gestellt werden. Wird der Antrag sp\u00e4ter gestellt, erlischt der Anspruch.<\/p><p>In den Folgejahren gilt die Einreichung des Jahresberichtes jeweils als Antrag.<\/p><p><strong>Unser Tipp:<\/strong> Den Antrag direkt nach Ablauf des Betreuungsjahres stellen. So ger\u00e4t er nicht in Vergessenheit! Vordrucke k\u00f6nnen im Downloadbereich, telefonisch oder unter <a href=\"https:\/\/skfm-nk.de\/index.php\/contact\/\"><span style=\"text-decoration: underline;\"><strong>betreuungsverein@skfm-nk.de<\/strong><\/span><\/a>, angefordert werden. F\u00fcr Mitglieder des SKFM ist dieser Service kostenlos.<\/p><p><strong>Wer bezahlt?<\/strong><br \/>Die Kosten f\u00fcr die\/den BetreuerIn, ob diese\/r ehrenamtlich oder als Vereins- bzw. BerufsbetreuerIn t\u00e4tig ist, tr\u00e4gt die\/der Betroffene selbst. Ist diese\/r jedoch mittellos, so werden die Kosten von der Justizkasse \u00fcbernommen. N\u00e4heres hierzu unter \u00d6ffnet internen Schonverm\u00f6gen.<\/p><p><strong>Was hei\u00dft Mittellosigkeit?<\/strong><br \/>Die Mittellosigkeit spielt im Betreuungsrecht eine Rolle, wenn es um die Frage geht, ob ein\/e Betreute\/r die Betreuungsverg\u00fctung oder den Aufwendungsersatz aus seinem eigenen Einkommen oder Verm\u00f6gen zu zahlen hat. Grunds\u00e4tzlich hat die betreute Person ihr Einkommen und Verm\u00f6gen bis zur Grenze des Schonverm\u00f6gens einzusetzen.<\/p>\t\t\t\t\t\t\t\t<\/div>\n\t\t\t\t<\/div>\n\t\t\t\t\t<\/div>\n\t\t\t\t<\/div>\n\t\t\t\t<\/div>\n\t\t","protected":false},"excerpt":{"rendered":"<p>Aufwendungs&shy;ersatz Werden ehrenamtlichen BetreuerInnen Kosten erstattet?Jede\/r BetreuerIn, die\/der eine Betreuung ehrenamtlich f\u00fchrt, hat Anspruch auf Aufwendungsersatz. Auch BetreuerInnen, die innerhalb ihrer Familie eine Betreuung f\u00fchren, k\u00f6nnen Aufwendungsersatz verlangen. Sogenannte BerufsbetreuerInnen haben einen Verg\u00fctungsanspruch. F\u00fcr was wird Aufwendungsersatz gezahlt?Bei der F\u00fchrung der Betreuung entstehen der\/dem BetreuerIn Kosten f\u00fcr die Fahrt zur\/zum Betreuten, f\u00fcr Porto, Telefon, Kopien [&hellip;]<\/p>\n","protected":false},"author":1,"featured_media":0,"parent":0,"menu_order":0,"comment_status":"closed","ping_status":"closed","template":"","meta":{"footnotes":""},"class_list":["post-596","page","type-page","status-publish","hentry"],"_links":{"self":[{"href":"https:\/\/skfm-nk.de\/index.php\/wp-json\/wp\/v2\/pages\/596","targetHints":{"allow":["GET"]}}],"collection":[{"href":"https:\/\/skfm-nk.de\/index.php\/wp-json\/wp\/v2\/pages"}],"about":[{"href":"https:\/\/skfm-nk.de\/index.php\/wp-json\/wp\/v2\/types\/page"}],"author":[{"embeddable":true,"href":"https:\/\/skfm-nk.de\/index.php\/wp-json\/wp\/v2\/users\/1"}],"replies":[{"embeddable":true,"href":"https:\/\/skfm-nk.de\/index.php\/wp-json\/wp\/v2\/comments?post=596"}],"version-history":[{"count":40,"href":"https:\/\/skfm-nk.de\/index.php\/wp-json\/wp\/v2\/pages\/596\/revisions"}],"predecessor-version":[{"id":3789,"href":"https:\/\/skfm-nk.de\/index.php\/wp-json\/wp\/v2\/pages\/596\/revisions\/3789"}],"wp:attachment":[{"href":"https:\/\/skfm-nk.de\/index.php\/wp-json\/wp\/v2\/media?parent=596"}],"curies":[{"name":"wp","href":"https:\/\/api.w.org\/{rel}","templated":true}]}}