{"id":598,"date":"2023-10-17T14:58:28","date_gmt":"2023-10-17T14:58:28","guid":{"rendered":"https:\/\/jjk.merioscloud.de\/?page_id=598"},"modified":"2024-01-12T15:13:34","modified_gmt":"2024-01-12T15:13:34","slug":"haftung","status":"publish","type":"page","link":"https:\/\/skfm-nk.de\/index.php\/haftung\/","title":{"rendered":"Haftung"},"content":{"rendered":"\t\t<div data-elementor-type=\"wp-page\" data-elementor-id=\"598\" class=\"elementor elementor-598\" data-elementor-post-type=\"page\">\n\t\t\t\t<div class=\"elementor-element elementor-element-1405452a e-flex e-con-boxed e-con e-child\" data-id=\"1405452a\" data-element_type=\"container\">\n\t\t\t\t\t<div class=\"e-con-inner\">\n\t\t\t\t<div class=\"elementor-element elementor-element-3124f147 elementor-widget__width-inherit elementor-widget-divider--view-line elementor-invisible elementor-widget elementor-widget-divider\" data-id=\"3124f147\" data-element_type=\"widget\" data-settings=\"{&quot;_animation&quot;:&quot;fadeInLeft&quot;}\" data-widget_type=\"divider.default\">\n\t\t\t\t<div class=\"elementor-widget-container\">\n\t\t\t\t\t\t\t<div class=\"elementor-divider\">\n\t\t\t<span class=\"elementor-divider-separator\">\n\t\t\t\t\t\t<\/span>\n\t\t<\/div>\n\t\t\t\t\t\t<\/div>\n\t\t\t\t<\/div>\n\t\t\t\t<div class=\"elementor-element elementor-element-10ad20cd elementor-widget__width-initial elementor-widget-tablet__width-inherit elementor-widget elementor-widget-heading\" data-id=\"10ad20cd\" data-element_type=\"widget\" data-widget_type=\"heading.default\">\n\t\t\t\t<div class=\"elementor-widget-container\">\n\t\t\t\t\t<h2 class=\"elementor-heading-title elementor-size-default\">Haftung<\/h2>\t\t\t\t<\/div>\n\t\t\t\t<\/div>\n\t\t\t\t<div class=\"elementor-element elementor-element-7da12d15 elementor-widget__width-initial elementor-widget-tablet__width-inherit elementor-widget elementor-widget-text-editor\" data-id=\"7da12d15\" data-element_type=\"widget\" data-widget_type=\"text-editor.default\">\n\t\t\t\t<div class=\"elementor-widget-container\">\n\t\t\t\t\t\t\t\t\t<p><strong>Ist der ehrenamtliche Betreuer haftbar?<\/strong><br \/>Grunds\u00e4tzlich haftet gem. <a href=\"https:\/\/dejure.org\/gesetze\/BGB\/1826.html\" target=\"_blank\" rel=\"noopener\"><span style=\"text-decoration: underline;\"><strong>\u00a7 1826 BGB<\/strong><\/span><\/a>, ein\/e BetreuerIn gegen\u00fcber der\/dem Betreuten dann, wenn sie\/er ihre\/seine Pflichten vors\u00e4tzlich und fahrl\u00e4ssig verletzt und dadurch der\/dem Betreuten ein Schaden entsteht. Unsere Mitglieder sind jedoch \u00fcber unsere \u2192 <a href=\"https:\/\/skfm-nk.de\/index.php\/versicherungen-fuer-betreuerinnen\/\"><span style=\"text-decoration: underline;\"><strong>Haftpflichtversicherung<\/strong><\/span><\/a> mitversichert.<\/p><p><strong>Welche Pflichtverletzungen k\u00f6nnen zu einem Schadensersatzanspruch f\u00fchren?<\/strong><br \/>In Einzelfall k\u00f6nnen beispielsweise folgende Pflichtverletzungen zu einem Schadensersatzanspruch des Betreuten f\u00fchren:<\/p><ul><li>Versp\u00e4tete oder unterlassene Antragstellung von Rente, Arbeitslosengeld, Sozialhilfe, etc.<\/li><li>Wohnungsaufl\u00f6sung ohne Genehmigung des Gerichts<\/li><li>nicht erfolgte Meldung an das Gericht zur notwendigen Erweiterung oder Einschr\u00e4nkung des Aufgabenkreises<\/li><li>Nichtanlage von Verm\u00f6gen der\/des Betreuten, welches nicht zur allgemeinen Lebensf\u00fchrung oder Deckung von Kosten ben\u00f6tigt wird bzw. Anlage zu einem geringeren Zinssatz als m\u00f6glich gewesen w\u00e4re<\/li><li>Anordnung einer unn\u00f6tigen freiheitsentziehenden Ma\u00dfnahme<\/li><li>versp\u00e4tete Aufhebung einer freiheitsentziehenden Ma\u00dfnahme.<\/li><\/ul><p><strong><br \/>Was ist eine Haftungs\u00fcbernahmeerkl\u00e4rung?<\/strong><br \/>Beim Abschluss von Heimvertr\u00e4gen oder Vertr\u00e4gen mit ambulanten Diensten ist ab und an in der Anlage eine sogenannte Haftungs\u00fcbernahmeerkl\u00e4rung zu finden. Diese besagt, dass die\/der UnterzeichnerIn, also BetreuerInnen oder Bevollm\u00e4chtigte, gesamtschuldnerisch f\u00fcr die Heimkosten der\/des Betreuten haftet. Das k\u00f6nnte also hei\u00dfen, dass die\/der BetreuerIn beispielsweise bei Zahlungsunf\u00e4higkeit ihrer\/seiner betreuten Person die Rechnung f\u00fcr die Heimkosten aus privaten Mitteln zu zahlen h\u00e4tte. Nach Auskunft der Heimaufsicht darf der Abschluss des Heimvertrages von einer Haftungs\u00fcbernahmeerkl\u00e4rung jedoch nicht abh\u00e4ngig gemacht werden. Selbst bei Familienangeh\u00f6rigen sollte diese Haftungs\u00fcbernahmeerkl\u00e4rung nicht unterzeichnet werden. Als Familienangeh\u00f6rige\/r bin ich unter Umst\u00e4nden zwar unterhaltsverpflichtet, aber nicht automatisch haftbar zu machen f\u00fcr Schulden oder Zahlungsverpflichtungen der Angeh\u00f6rigen. Daher gilt die Empfehlung: in keinem Falle eine solche Haftungs\u00fcbernahmeerkl\u00e4rung zu unterzeichnen!<\/p>\t\t\t\t\t\t\t\t<\/div>\n\t\t\t\t<\/div>\n\t\t\t\t\t<\/div>\n\t\t\t\t<\/div>\n\t\t\t\t<\/div>\n\t\t","protected":false},"excerpt":{"rendered":"<p>Haftung Ist der ehrenamtliche Betreuer haftbar?Grunds\u00e4tzlich haftet gem. \u00a7 1826 BGB, ein\/e BetreuerIn gegen\u00fcber der\/dem Betreuten dann, wenn sie\/er ihre\/seine Pflichten vors\u00e4tzlich und fahrl\u00e4ssig verletzt und dadurch der\/dem Betreuten ein Schaden entsteht. Unsere Mitglieder sind jedoch \u00fcber unsere \u2192 Haftpflichtversicherung mitversichert. Welche Pflichtverletzungen k\u00f6nnen zu einem Schadensersatzanspruch f\u00fchren?In Einzelfall k\u00f6nnen beispielsweise folgende Pflichtverletzungen zu einem [&hellip;]<\/p>\n","protected":false},"author":1,"featured_media":0,"parent":0,"menu_order":0,"comment_status":"closed","ping_status":"closed","template":"","meta":{"footnotes":""},"class_list":["post-598","page","type-page","status-publish","hentry"],"_links":{"self":[{"href":"https:\/\/skfm-nk.de\/index.php\/wp-json\/wp\/v2\/pages\/598","targetHints":{"allow":["GET"]}}],"collection":[{"href":"https:\/\/skfm-nk.de\/index.php\/wp-json\/wp\/v2\/pages"}],"about":[{"href":"https:\/\/skfm-nk.de\/index.php\/wp-json\/wp\/v2\/types\/page"}],"author":[{"embeddable":true,"href":"https:\/\/skfm-nk.de\/index.php\/wp-json\/wp\/v2\/users\/1"}],"replies":[{"embeddable":true,"href":"https:\/\/skfm-nk.de\/index.php\/wp-json\/wp\/v2\/comments?post=598"}],"version-history":[{"count":28,"href":"https:\/\/skfm-nk.de\/index.php\/wp-json\/wp\/v2\/pages\/598\/revisions"}],"predecessor-version":[{"id":3516,"href":"https:\/\/skfm-nk.de\/index.php\/wp-json\/wp\/v2\/pages\/598\/revisions\/3516"}],"wp:attachment":[{"href":"https:\/\/skfm-nk.de\/index.php\/wp-json\/wp\/v2\/media?parent=598"}],"curies":[{"name":"wp","href":"https:\/\/api.w.org\/{rel}","templated":true}]}}