{"id":600,"date":"2023-10-17T14:58:57","date_gmt":"2023-10-17T14:58:57","guid":{"rendered":"https:\/\/jjk.merioscloud.de\/?page_id=600"},"modified":"2023-12-20T18:18:37","modified_gmt":"2023-12-20T18:18:37","slug":"aufbewahrungsfristen-von-betreutenunterlagen","status":"publish","type":"page","link":"https:\/\/skfm-nk.de\/index.php\/aufbewahrungsfristen-von-betreutenunterlagen\/","title":{"rendered":"Aufbewahrungsfristen von Betreutenunterlagen"},"content":{"rendered":"\t\t<div data-elementor-type=\"wp-page\" data-elementor-id=\"600\" class=\"elementor elementor-600\" data-elementor-post-type=\"page\">\n\t\t\t\t<div class=\"elementor-element elementor-element-56c93be8 e-flex e-con-boxed e-con e-child\" data-id=\"56c93be8\" data-element_type=\"container\">\n\t\t\t\t\t<div class=\"e-con-inner\">\n\t\t\t\t<div class=\"elementor-element elementor-element-508b9b0c elementor-widget__width-inherit elementor-widget-divider--view-line elementor-invisible elementor-widget elementor-widget-divider\" data-id=\"508b9b0c\" data-element_type=\"widget\" data-settings=\"{&quot;_animation&quot;:&quot;fadeInLeft&quot;}\" data-widget_type=\"divider.default\">\n\t\t\t\t<div class=\"elementor-widget-container\">\n\t\t\t\t\t\t\t<div class=\"elementor-divider\">\n\t\t\t<span class=\"elementor-divider-separator\">\n\t\t\t\t\t\t<\/span>\n\t\t<\/div>\n\t\t\t\t\t\t<\/div>\n\t\t\t\t<\/div>\n\t\t\t\t<div class=\"elementor-element elementor-element-11459ad8 elementor-widget__width-initial elementor-widget-tablet__width-inherit elementor-widget elementor-widget-heading\" data-id=\"11459ad8\" data-element_type=\"widget\" data-widget_type=\"heading.default\">\n\t\t\t\t<div class=\"elementor-widget-container\">\n\t\t\t\t\t<h2 class=\"elementor-heading-title elementor-size-default\">Aufbe&shy;wahrungsfristen von Betreuten&shy;unterlagen<\/h2>\t\t\t\t<\/div>\n\t\t\t\t<\/div>\n\t\t\t\t<div class=\"elementor-element elementor-element-563479b6 elementor-widget__width-initial elementor-widget-tablet__width-inherit elementor-widget elementor-widget-text-editor\" data-id=\"563479b6\" data-element_type=\"widget\" data-widget_type=\"text-editor.default\">\n\t\t\t\t<div class=\"elementor-widget-container\">\n\t\t\t\t\t\t\t\t\t<p><strong>Was passiert mit den Unterlagen, wenn die Betreuung beendet ist?<\/strong><br \/>Grunds\u00e4tzlich gilt, dass Betreutenunterlagen nach dem Ende der Betreuung an die\/den Betreuten selbst, die\/den neue\/n BetreuerIn oder bei Tod der\/des Betreuten an die Erben gegen \u00dcbergabeprotokoll auszuh\u00e4ndigen sind. Der Schriftverkehr, der zwischen Gericht und BetreuerIn gef\u00fchrt wurde, muss nicht ausgeh\u00e4ndigt werden.<\/p><p><strong>Welche Unterlagen sollten BetreuerInnen dennoch aufheben?<\/strong><br \/>Zur eigenen Sicherheit empfiehlt es sich, wichtige Vorg\u00e4nge wie Rechnungslegungen, Entscheidungen zu schwierigen medizinischen oder freiheitsentziehenden Ma\u00dfnahmen oder anderen weitreichenden Entscheidungen zu kopieren und aufzubewahren. Die Haftung der Betreuerin\/ des Betreuers endet nicht mit der Beendigung der Betreuung. Sollte ein Haftungsanspruch gegen die\/den BetreuerIn erhoben werden kann es hilfreich sein, mit den archivierten Dokumenten die Angelegenheit nachvollziehen zu k\u00f6nnen.<\/p><p><strong>Wie lange sollten die Unterlagen aufbewahrt werden?<\/strong><br \/>Im Betreuungsrecht sind hierzu keine eigenen Aufbewahrungsfristen formuliert. Analog zu anderen Rechtsgebieten ergibt sich jedoch f\u00fcr Unterlagen bzgl. der Verm\u00f6genssorge eine Aufbewahrungsfrist von 10 Jahren und bzgl. der Angelegenheiten im Rahmen der Gesundheitssorge sowie bei freiheitsentziehenden Ma\u00dfnahmen eine Frist von 30 Jahren. Diese Fristen ergeben sich aus der M\u00f6glichkeit der Betreuten bzw. Dritter, gegen die\/den BetreuerIn Schadenersatzanspr\u00fcche innerhalb von 10 Jahren bzgl. eines Verm\u00f6gensschadens und innerhalb von 30 Jahren bzgl. eines Schadens, der sich auf die Verletzung des Lebens, des K\u00f6rpers, der Gesundheit oder der Freiheit bezieht, geltend zu machen. Die Archivierung der Gerichtsakten (Betreuungsakte) unterliegen ebenfalls diesen Aufbewahrungsfristen. Als BetreuerIn muss man im Einzelfall abw\u00e4gen, ob man sich an diesen Aufbewahrungsfristen orientiert oder bereits fr\u00fcher die Unterlagen vernichten kann.<\/p>\t\t\t\t\t\t\t\t<\/div>\n\t\t\t\t<\/div>\n\t\t\t\t\t<\/div>\n\t\t\t\t<\/div>\n\t\t\t\t<\/div>\n\t\t","protected":false},"excerpt":{"rendered":"<p>Aufbe&shy;wahrungsfristen von Betreuten&shy;unterlagen Was passiert mit den Unterlagen, wenn die Betreuung beendet ist?Grunds\u00e4tzlich gilt, dass Betreutenunterlagen nach dem Ende der Betreuung an die\/den Betreuten selbst, die\/den neue\/n BetreuerIn oder bei Tod der\/des Betreuten an die Erben gegen \u00dcbergabeprotokoll auszuh\u00e4ndigen sind. Der Schriftverkehr, der zwischen Gericht und BetreuerIn gef\u00fchrt wurde, muss nicht ausgeh\u00e4ndigt werden. Welche Unterlagen [&hellip;]<\/p>\n","protected":false},"author":1,"featured_media":0,"parent":0,"menu_order":0,"comment_status":"closed","ping_status":"closed","template":"","meta":{"footnotes":""},"class_list":["post-600","page","type-page","status-publish","hentry"],"_links":{"self":[{"href":"https:\/\/skfm-nk.de\/index.php\/wp-json\/wp\/v2\/pages\/600","targetHints":{"allow":["GET"]}}],"collection":[{"href":"https:\/\/skfm-nk.de\/index.php\/wp-json\/wp\/v2\/pages"}],"about":[{"href":"https:\/\/skfm-nk.de\/index.php\/wp-json\/wp\/v2\/types\/page"}],"author":[{"embeddable":true,"href":"https:\/\/skfm-nk.de\/index.php\/wp-json\/wp\/v2\/users\/1"}],"replies":[{"embeddable":true,"href":"https:\/\/skfm-nk.de\/index.php\/wp-json\/wp\/v2\/comments?post=600"}],"version-history":[{"count":16,"href":"https:\/\/skfm-nk.de\/index.php\/wp-json\/wp\/v2\/pages\/600\/revisions"}],"predecessor-version":[{"id":2864,"href":"https:\/\/skfm-nk.de\/index.php\/wp-json\/wp\/v2\/pages\/600\/revisions\/2864"}],"wp:attachment":[{"href":"https:\/\/skfm-nk.de\/index.php\/wp-json\/wp\/v2\/media?parent=600"}],"curies":[{"name":"wp","href":"https:\/\/api.w.org\/{rel}","templated":true}]}}