{"id":629,"date":"2023-10-17T15:33:01","date_gmt":"2023-10-17T15:33:01","guid":{"rendered":"https:\/\/jjk.merioscloud.de\/?page_id=629"},"modified":"2023-12-20T18:23:21","modified_gmt":"2023-12-20T18:23:21","slug":"wochenendbereitschaft-der-amtsgerichte","status":"publish","type":"page","link":"https:\/\/skfm-nk.de\/index.php\/wochenendbereitschaft-der-amtsgerichte\/","title":{"rendered":"Wochenendbereitschaft der Amtsgerichte"},"content":{"rendered":"\t\t<div data-elementor-type=\"wp-page\" data-elementor-id=\"629\" class=\"elementor elementor-629\" data-elementor-post-type=\"page\">\n\t\t\t\t<div class=\"elementor-element elementor-element-10a8029b e-flex e-con-boxed e-con e-child\" data-id=\"10a8029b\" data-element_type=\"container\">\n\t\t\t\t\t<div class=\"e-con-inner\">\n\t\t\t\t<div class=\"elementor-element elementor-element-1ed652ad elementor-widget__width-inherit elementor-widget-divider--view-line elementor-invisible elementor-widget elementor-widget-divider\" data-id=\"1ed652ad\" data-element_type=\"widget\" data-settings=\"{&quot;_animation&quot;:&quot;fadeInLeft&quot;}\" data-widget_type=\"divider.default\">\n\t\t\t\t<div class=\"elementor-widget-container\">\n\t\t\t\t\t\t\t<div class=\"elementor-divider\">\n\t\t\t<span class=\"elementor-divider-separator\">\n\t\t\t\t\t\t<\/span>\n\t\t<\/div>\n\t\t\t\t\t\t<\/div>\n\t\t\t\t<\/div>\n\t\t\t\t<div class=\"elementor-element elementor-element-5386e525 elementor-widget__width-initial elementor-widget-tablet__width-inherit elementor-widget elementor-widget-heading\" data-id=\"5386e525\" data-element_type=\"widget\" data-widget_type=\"heading.default\">\n\t\t\t\t<div class=\"elementor-widget-container\">\n\t\t\t\t\t<h2 class=\"elementor-heading-title elementor-size-default\">Wochenend&shy;bereitschaft der Amtsgerichte<\/h2>\t\t\t\t<\/div>\n\t\t\t\t<\/div>\n\t\t\t\t<div class=\"elementor-element elementor-element-d99c1af elementor-widget__width-initial elementor-widget-tablet__width-inherit elementor-widget elementor-widget-text-editor\" data-id=\"d99c1af\" data-element_type=\"widget\" data-widget_type=\"text-editor.default\">\n\t\t\t\t<div class=\"elementor-widget-container\">\n\t\t\t\t\t\t\t\t\t<p>Der zentrale richterliche Bereitschaftsdienst f\u00fcr das Saarland wird beim Amtsgericht Saarbr\u00fccken, Franz-Josef-R\u00f6der-Str. 13, 66119 Saarbr\u00fccken, Zimmer 124, wahrgenommen.<\/p><p>\u00a0<\/p><ul><li>an Arbeitstagen von 15.30 Uhr &#8211; 21.00 Uhr<\/li><li>Sa. So. und Feiertags von 8.00 Uhr -18.00 Uhr<\/li><\/ul><p><br \/>Telefon: 0681\/ 501-5029 oder 0681\/ 501-5082<\/p><p>Fax. Nr. 0681\/ 501-5032<\/p><p>\u00a0<\/p><p>Die Pforte hat die Tel. Nr. 0681\/ 501-5547<\/p><p>Internet: www.ag-nk.saarland.de<\/p><p>\u00a0<\/p><p>Der Bereitschaftsdienst sollte jedoch nur bei wirklich dringlichen Eilangelegenheiten, wie z.B. Unterbringung oder Operationen in Anspruch genommen werden. Bei Operationen ist zu beachten, dass bei Notf\u00e4llen auch ohne Genehmigung gehandelt werden muss. Sollte z.B. eine Genehmigung zur Einwilligung in eine schwerwiegende Operation notwendig sein, und es handelt sich hierbei nicht um einen Notfall, so reicht es in der Regel aus, die Genehmigung in den regul\u00e4ren Dienstzeiten des Amtsgerichtes einzuholen. Sollte eine Unterbringung wegen Gefahr in Verzug notwendig sein, so muss diese unverz\u00fcglich durchgef\u00fchrt werden. Die Genehmigung ist innerhalb der n\u00e4chsten 48 Std. nachzureichen.<\/p>\t\t\t\t\t\t\t\t<\/div>\n\t\t\t\t<\/div>\n\t\t\t\t\t<\/div>\n\t\t\t\t<\/div>\n\t\t\t\t<\/div>\n\t\t","protected":false},"excerpt":{"rendered":"<p>Wochenend&shy;bereitschaft der Amtsgerichte Der zentrale richterliche Bereitschaftsdienst f\u00fcr das Saarland wird beim Amtsgericht Saarbr\u00fccken, Franz-Josef-R\u00f6der-Str. 13, 66119 Saarbr\u00fccken, Zimmer 124, wahrgenommen. \u00a0 an Arbeitstagen von 15.30 Uhr &#8211; 21.00 Uhr Sa. So. und Feiertags von 8.00 Uhr -18.00 Uhr Telefon: 0681\/ 501-5029 oder 0681\/ 501-5082 Fax. Nr. 0681\/ 501-5032 \u00a0 Die Pforte hat die Tel. [&hellip;]<\/p>\n","protected":false},"author":1,"featured_media":0,"parent":0,"menu_order":0,"comment_status":"closed","ping_status":"closed","template":"","meta":{"footnotes":""},"class_list":["post-629","page","type-page","status-publish","hentry"],"_links":{"self":[{"href":"https:\/\/skfm-nk.de\/index.php\/wp-json\/wp\/v2\/pages\/629","targetHints":{"allow":["GET"]}}],"collection":[{"href":"https:\/\/skfm-nk.de\/index.php\/wp-json\/wp\/v2\/pages"}],"about":[{"href":"https:\/\/skfm-nk.de\/index.php\/wp-json\/wp\/v2\/types\/page"}],"author":[{"embeddable":true,"href":"https:\/\/skfm-nk.de\/index.php\/wp-json\/wp\/v2\/users\/1"}],"replies":[{"embeddable":true,"href":"https:\/\/skfm-nk.de\/index.php\/wp-json\/wp\/v2\/comments?post=629"}],"version-history":[{"count":16,"href":"https:\/\/skfm-nk.de\/index.php\/wp-json\/wp\/v2\/pages\/629\/revisions"}],"predecessor-version":[{"id":2888,"href":"https:\/\/skfm-nk.de\/index.php\/wp-json\/wp\/v2\/pages\/629\/revisions\/2888"}],"wp:attachment":[{"href":"https:\/\/skfm-nk.de\/index.php\/wp-json\/wp\/v2\/media?parent=629"}],"curies":[{"name":"wp","href":"https:\/\/api.w.org\/{rel}","templated":true}]}}