{"id":631,"date":"2023-10-17T15:33:22","date_gmt":"2023-10-17T15:33:22","guid":{"rendered":"https:\/\/jjk.merioscloud.de\/?page_id=631"},"modified":"2024-01-03T13:30:42","modified_gmt":"2024-01-03T13:30:42","slug":"freiheitsentziehende-massnahmen","status":"publish","type":"page","link":"https:\/\/skfm-nk.de\/index.php\/freiheitsentziehende-massnahmen\/","title":{"rendered":"Freiheitsentziehende Ma\u00dfnahmen"},"content":{"rendered":"\t\t<div data-elementor-type=\"wp-page\" data-elementor-id=\"631\" class=\"elementor elementor-631\" data-elementor-post-type=\"page\">\n\t\t\t\t<div class=\"elementor-element elementor-element-2979f086 e-flex e-con-boxed e-con e-child\" data-id=\"2979f086\" data-element_type=\"container\">\n\t\t\t\t\t<div class=\"e-con-inner\">\n\t\t\t\t<div class=\"elementor-element elementor-element-ca0d5c2 elementor-widget__width-inherit elementor-widget-divider--view-line elementor-invisible elementor-widget elementor-widget-divider\" data-id=\"ca0d5c2\" data-element_type=\"widget\" data-settings=\"{&quot;_animation&quot;:&quot;fadeInLeft&quot;}\" data-widget_type=\"divider.default\">\n\t\t\t\t<div class=\"elementor-widget-container\">\n\t\t\t\t\t\t\t<div class=\"elementor-divider\">\n\t\t\t<span class=\"elementor-divider-separator\">\n\t\t\t\t\t\t<\/span>\n\t\t<\/div>\n\t\t\t\t\t\t<\/div>\n\t\t\t\t<\/div>\n\t\t\t\t<div class=\"elementor-element elementor-element-63915cda elementor-widget__width-initial elementor-widget-tablet__width-inherit elementor-widget elementor-widget-heading\" data-id=\"63915cda\" data-element_type=\"widget\" data-widget_type=\"heading.default\">\n\t\t\t\t<div class=\"elementor-widget-container\">\n\t\t\t\t\t<h2 class=\"elementor-heading-title elementor-size-default\">Freiheits&shy;entziehende Ma\u00dfnahmen<\/h2>\t\t\t\t<\/div>\n\t\t\t\t<\/div>\n\t\t\t\t<div class=\"elementor-element elementor-element-27000e06 elementor-widget__width-initial elementor-widget-tablet__width-inherit elementor-widget elementor-widget-text-editor\" data-id=\"27000e06\" data-element_type=\"widget\" data-widget_type=\"text-editor.default\">\n\t\t\t\t<div class=\"elementor-widget-container\">\n\t\t\t\t\t\t\t\t\t<p><strong>Was ist unter freiheitsentziehenden Ma\u00dfnahmen zu verstehen? <br \/><\/strong>Eine freiheitsentziehende Ma\u00dfnahme liegt nach <a href=\"https:\/\/dejure.org\/gesetze\/BGB\/1831.html\" target=\"_blank\" rel=\"noopener\"><span style=\"text-decoration: underline;\"><strong>\u00a71831 Abs. 4<\/strong><\/span> BGB<\/a> vor,<\/p><p>\u201e\u2026, wenn dem Betreuten, der sich in einer Anstalt, einem Heim oder einer sonstigen Einrichtung aufh\u00e4lt, durch mechanische Vorrichtungen, Medikamente oder auf andere Weise \u00fcber einen l\u00e4ngeren Zeitraum (in der Regel ab 24 Stunden) oder regelm\u00e4\u00dfig die Freiheit entzogen werden soll.\u201c<\/p><p>Mechanische Vorrichtungen k\u00f6nnen zum Beispiel sein:<\/p><p>Bettgitter<br \/>Fixierung durch Bauchgurt<br \/>&#8222;Therapietisch&#8220; (Stecktisch am Rollstuhl)<br \/>abgeschlossener Wohnbereich<\/p><p>Freiheitsentziehung durch die Gabe von Medikamenten liegt dann vor, wenn nicht der therapeutische Zweck, also die Linderung oder Heilung der Erkrankung, sondern die Ruhigstellung des Betroffenen im Vordergrund steht.<\/p><p>Auch die Wegnahme von Gehhilfen, Brillen und Schuhen muss als freiheitseinschr\u00e4nkenden Ma\u00dfnahmen gesehen werden.<\/p><p><strong>Vermeidung freiheitsentziehender Ma\u00dfnahmen<\/strong><br \/>Freiheitsentziehende Ma\u00dfnahmen werden h\u00e4ufig aus Angst vor St\u00fcrzen eingesetzt. Diese Ma\u00dfnahmen k\u00f6nnen in vielen F\u00e4llen vermieden werden, wenn das Sturzrisiko und die Sturzfolgen vermieden oder vermindert werden k\u00f6nnen durch<\/p><ul><li>eine sichere und vertraute Umgebung<\/li><li>angepasste Hilfsmittel wie H\u00f6rger\u00e4t, Sehhilfen, Gehhilfen, Schuhe,..<\/li><li>Knie- und Armschoner, Anti-Rutsch Socken<\/li><li>H\u00fcftprotektoren<\/li><li>Niederflurbetten<\/li><li>Sensormatten<\/li><li>ausreichende Beleuchtung<\/li><\/ul><p><br \/>Freiheitsentziehende Ma\u00dfnahmen sind ganz erhebliche Einschnitte in das Selbstbestimmungsrecht eines Menschen. Es wird ihm hierdurch die M\u00f6glichkeit genommen, sich selbstbestimmt ohne fremde Hilfe fort zu bewegen. Es muss daher sorgsam in jedem Einzelfall die Erforderlichkeit einer freiheitsentziehenden Ma\u00dfnahme und deren Alternativen unter Ber\u00fccksichtigung des Willens und Wohl des Betroffenen gepr\u00fcft werden.<\/p><p>Mehr zum Thema unter www.redufix.de<\/p>\t\t\t\t\t\t\t\t<\/div>\n\t\t\t\t<\/div>\n\t\t\t\t\t<\/div>\n\t\t\t\t<\/div>\n\t\t\t\t<\/div>\n\t\t","protected":false},"excerpt":{"rendered":"<p>Freiheits&shy;entziehende Ma\u00dfnahmen Was ist unter freiheitsentziehenden Ma\u00dfnahmen zu verstehen? Eine freiheitsentziehende Ma\u00dfnahme liegt nach \u00a71831 Abs. 4 BGB vor, \u201e\u2026, wenn dem Betreuten, der sich in einer Anstalt, einem Heim oder einer sonstigen Einrichtung aufh\u00e4lt, durch mechanische Vorrichtungen, Medikamente oder auf andere Weise \u00fcber einen l\u00e4ngeren Zeitraum (in der Regel ab 24 Stunden) oder regelm\u00e4\u00dfig [&hellip;]<\/p>\n","protected":false},"author":1,"featured_media":0,"parent":0,"menu_order":0,"comment_status":"closed","ping_status":"closed","template":"","meta":{"footnotes":""},"class_list":["post-631","page","type-page","status-publish","hentry"],"_links":{"self":[{"href":"https:\/\/skfm-nk.de\/index.php\/wp-json\/wp\/v2\/pages\/631","targetHints":{"allow":["GET"]}}],"collection":[{"href":"https:\/\/skfm-nk.de\/index.php\/wp-json\/wp\/v2\/pages"}],"about":[{"href":"https:\/\/skfm-nk.de\/index.php\/wp-json\/wp\/v2\/types\/page"}],"author":[{"embeddable":true,"href":"https:\/\/skfm-nk.de\/index.php\/wp-json\/wp\/v2\/users\/1"}],"replies":[{"embeddable":true,"href":"https:\/\/skfm-nk.de\/index.php\/wp-json\/wp\/v2\/comments?post=631"}],"version-history":[{"count":40,"href":"https:\/\/skfm-nk.de\/index.php\/wp-json\/wp\/v2\/pages\/631\/revisions"}],"predecessor-version":[{"id":2953,"href":"https:\/\/skfm-nk.de\/index.php\/wp-json\/wp\/v2\/pages\/631\/revisions\/2953"}],"wp:attachment":[{"href":"https:\/\/skfm-nk.de\/index.php\/wp-json\/wp\/v2\/media?parent=631"}],"curies":[{"name":"wp","href":"https:\/\/api.w.org\/{rel}","templated":true}]}}