{"id":633,"date":"2023-10-17T15:33:44","date_gmt":"2023-10-17T15:33:44","guid":{"rendered":"https:\/\/jjk.merioscloud.de\/?page_id=633"},"modified":"2023-12-20T18:22:24","modified_gmt":"2023-12-20T18:22:24","slug":"tod-des-betreuten","status":"publish","type":"page","link":"https:\/\/skfm-nk.de\/index.php\/tod-des-betreuten\/","title":{"rendered":"Tod des Betreuten"},"content":{"rendered":"\t\t<div data-elementor-type=\"wp-page\" data-elementor-id=\"633\" class=\"elementor elementor-633\" data-elementor-post-type=\"page\">\n\t\t\t\t<div class=\"elementor-element elementor-element-407970a4 e-flex e-con-boxed e-con e-child\" data-id=\"407970a4\" data-element_type=\"container\">\n\t\t\t\t\t<div class=\"e-con-inner\">\n\t\t\t\t<div class=\"elementor-element elementor-element-4d987f55 elementor-widget__width-inherit elementor-widget-divider--view-line elementor-invisible elementor-widget elementor-widget-divider\" data-id=\"4d987f55\" data-element_type=\"widget\" data-settings=\"{&quot;_animation&quot;:&quot;fadeInLeft&quot;}\" data-widget_type=\"divider.default\">\n\t\t\t\t<div class=\"elementor-widget-container\">\n\t\t\t\t\t\t\t<div class=\"elementor-divider\">\n\t\t\t<span class=\"elementor-divider-separator\">\n\t\t\t\t\t\t<\/span>\n\t\t<\/div>\n\t\t\t\t\t\t<\/div>\n\t\t\t\t<\/div>\n\t\t\t\t<div class=\"elementor-element elementor-element-703817be elementor-widget__width-initial elementor-widget-tablet__width-inherit elementor-widget elementor-widget-heading\" data-id=\"703817be\" data-element_type=\"widget\" data-widget_type=\"heading.default\">\n\t\t\t\t<div class=\"elementor-widget-container\">\n\t\t\t\t\t<h2 class=\"elementor-heading-title elementor-size-default\">Tod des Betreuten<\/h2>\t\t\t\t<\/div>\n\t\t\t\t<\/div>\n\t\t\t\t<div class=\"elementor-element elementor-element-ac23100 elementor-widget__width-initial elementor-widget-tablet__width-inherit elementor-widget elementor-widget-text-editor\" data-id=\"ac23100\" data-element_type=\"widget\" data-widget_type=\"text-editor.default\">\n\t\t\t\t<div class=\"elementor-widget-container\">\n\t\t\t\t\t\t\t\t\t<p><strong>Was passiert, wenn der Betreute stirbt?<\/strong><br \/>Mit dem Tod des Betreuten endet die Betreuung. Der Betreuer hat keine Verf\u00fcgungsberechtigung mehr d.h., er kann keinerlei Angelegenheiten mehr f\u00fcr den Verstorbenen regeln.<\/p><p><strong>Wer k\u00fcmmert sich um die Bestattung?<\/strong><br \/>Um die Bestattung m\u00fcssen sich die Bestattungspflichtigen k\u00fcmmern.<\/p><p>Dies sind laut \u00a7 26 des saarl\u00e4ndischen Bestattungsgesetzes in folgender Reihenfolge:<\/p><p>die Ehepartner, die Lebenspartner, die Kinder, die Eltern, die Partner einer nicht eingetragenen Lebensgemeinschaft, die Geschwister, die Gro\u00dfeltern, die Enkelkinder)<\/p><p>Sind keine Bestattungspflichtige bekannt, muss das Ordnungsamt an dem Ort, an dem der Betroffene verstorben ist, benachrichtigt werden. Diese Benachrichtigung kann durch den Betreuer, aber auch andere erfolgen.<\/p><p>Ist der Betreuer nicht der Bestattungspflichtige, sollte er in keinem Fall einen Bestatter beauftragen (wer bestellt bezahlt).<\/p><p><strong>Was hat der Betreuer nach dem Tod des Betreuten zu tun?<\/strong><br \/>Mitteilung \u00fcber den Tod des Betreuten an:<\/p><ul><li>das Betreuungsgericht<\/li><li>Angeh\u00f6rige\/Bestattungspflichtige<\/li><li>die Bank, Rentenstelle, Vermieter<\/li><li>Weiterleitung der letzten Verf\u00fcgung<br \/>&#8211; Testament<br \/>&#8211; W\u00fcnsche bezgl. Bestattung<\/li><li>zust\u00e4ndige Kirchengemeinde<\/li><\/ul><p>Weitere Rechte und Pflichten:<\/p><ul><li>R\u00fcckgabe des Betreuerausweises<\/li><li>Schlussbericht und Rechnungslegung<\/li><li>Geltendmachung der Aufwandsentsch\u00e4digung<\/li><li>Herausgabe der Unterlagen an die Erben<br \/>&#8211; Nachweis der Erbberechtigung durch Erbschein oder er\u00f6ffnetes Testament<br \/>&#8211; \u00dcbergabeprotokoll<\/li><\/ul><p>SKFM Sozialdienst Katholischer Frauen und M\u00e4nner f\u00fcr den Landkreis Neunkirchen e.V.<\/p>\t\t\t\t\t\t\t\t<\/div>\n\t\t\t\t<\/div>\n\t\t\t\t\t<\/div>\n\t\t\t\t<\/div>\n\t\t\t\t<\/div>\n\t\t","protected":false},"excerpt":{"rendered":"<p>Tod des Betreuten Was passiert, wenn der Betreute stirbt?Mit dem Tod des Betreuten endet die Betreuung. Der Betreuer hat keine Verf\u00fcgungsberechtigung mehr d.h., er kann keinerlei Angelegenheiten mehr f\u00fcr den Verstorbenen regeln. Wer k\u00fcmmert sich um die Bestattung?Um die Bestattung m\u00fcssen sich die Bestattungspflichtigen k\u00fcmmern. Dies sind laut \u00a7 26 des saarl\u00e4ndischen Bestattungsgesetzes in folgender [&hellip;]<\/p>\n","protected":false},"author":1,"featured_media":0,"parent":0,"menu_order":0,"comment_status":"closed","ping_status":"closed","template":"","meta":{"footnotes":""},"class_list":["post-633","page","type-page","status-publish","hentry"],"_links":{"self":[{"href":"https:\/\/skfm-nk.de\/index.php\/wp-json\/wp\/v2\/pages\/633","targetHints":{"allow":["GET"]}}],"collection":[{"href":"https:\/\/skfm-nk.de\/index.php\/wp-json\/wp\/v2\/pages"}],"about":[{"href":"https:\/\/skfm-nk.de\/index.php\/wp-json\/wp\/v2\/types\/page"}],"author":[{"embeddable":true,"href":"https:\/\/skfm-nk.de\/index.php\/wp-json\/wp\/v2\/users\/1"}],"replies":[{"embeddable":true,"href":"https:\/\/skfm-nk.de\/index.php\/wp-json\/wp\/v2\/comments?post=633"}],"version-history":[{"count":13,"href":"https:\/\/skfm-nk.de\/index.php\/wp-json\/wp\/v2\/pages\/633\/revisions"}],"predecessor-version":[{"id":2882,"href":"https:\/\/skfm-nk.de\/index.php\/wp-json\/wp\/v2\/pages\/633\/revisions\/2882"}],"wp:attachment":[{"href":"https:\/\/skfm-nk.de\/index.php\/wp-json\/wp\/v2\/media?parent=633"}],"curies":[{"name":"wp","href":"https:\/\/api.w.org\/{rel}","templated":true}]}}