{"id":635,"date":"2023-10-17T15:34:04","date_gmt":"2023-10-17T15:34:04","guid":{"rendered":"https:\/\/jjk.merioscloud.de\/?page_id=635"},"modified":"2023-12-20T17:18:50","modified_gmt":"2023-12-20T17:18:50","slug":"bestattungsvorsorge","status":"publish","type":"page","link":"https:\/\/skfm-nk.de\/index.php\/bestattungsvorsorge\/","title":{"rendered":"Bestattungsvorsorge"},"content":{"rendered":"\t\t<div data-elementor-type=\"wp-page\" data-elementor-id=\"635\" class=\"elementor elementor-635\" data-elementor-post-type=\"page\">\n\t\t\t\t<div class=\"elementor-element elementor-element-5fd48cd3 e-flex e-con-boxed e-con e-child\" data-id=\"5fd48cd3\" data-element_type=\"container\">\n\t\t\t\t\t<div class=\"e-con-inner\">\n\t\t\t\t<div class=\"elementor-element elementor-element-8746830 elementor-widget__width-inherit elementor-widget-divider--view-line elementor-invisible elementor-widget elementor-widget-divider\" data-id=\"8746830\" data-element_type=\"widget\" data-settings=\"{&quot;_animation&quot;:&quot;fadeInLeft&quot;}\" data-widget_type=\"divider.default\">\n\t\t\t\t<div class=\"elementor-widget-container\">\n\t\t\t\t\t\t\t<div class=\"elementor-divider\">\n\t\t\t<span class=\"elementor-divider-separator\">\n\t\t\t\t\t\t<\/span>\n\t\t<\/div>\n\t\t\t\t\t\t<\/div>\n\t\t\t\t<\/div>\n\t\t\t\t<div class=\"elementor-element elementor-element-ad35f89 elementor-widget__width-initial elementor-widget-tablet__width-inherit elementor-widget elementor-widget-heading\" data-id=\"ad35f89\" data-element_type=\"widget\" data-widget_type=\"heading.default\">\n\t\t\t\t<div class=\"elementor-widget-container\">\n\t\t\t\t\t<h2 class=\"elementor-heading-title elementor-size-default\">Bestattungs&shy;vorsorge<\/h2>\t\t\t\t<\/div>\n\t\t\t\t<\/div>\n\t\t\t\t<div class=\"elementor-element elementor-element-2b0aa8 elementor-widget__width-initial elementor-widget-tablet__width-inherit elementor-widget elementor-widget-text-editor\" data-id=\"2b0aa8\" data-element_type=\"widget\" data-widget_type=\"text-editor.default\">\n\t\t\t\t<div class=\"elementor-widget-container\">\n\t\t\t\t\t\t\t\t\t<p><strong>Warum Bestattungsvorsorge?<\/strong><br \/>Durch eine Bestattungsvorsorge kann fr\u00fchzeitig festgelegt werden, in welcher Form eine Bestattung vollzogen werden soll. Nur so kann den W\u00fcnschen und Bed\u00fcrfnissen am ehesten Rechnung getragen werden.<\/p><p><strong>Wie kann vorgesorgt werden?<\/strong><br \/>Eine Bestattungsvorsorge ist z.B. m\u00f6glich mittels<\/p><ul><li>eines Bestattungsvorsorgevertrages mit einem Bestatter<\/li><li>einer Sterbegeldversicherung<br \/><br \/><\/li><\/ul><p>Laut Urteil des Bundessozialgerichtes (BSG) vom 18.3.2008 wird anerkannt, dass die Vorsorge f\u00fcr eine w\u00fcrdevolle Bestattung ein berechtigtes Anliegen ist. Wird hierf\u00fcr Verm\u00f6gen zweckgebunden angelegt, kann dies von der Sozialhilfe nicht herangezogen werden, da es nach Auffassung des BSG eine besondere H\u00e4rte nach \u00a7 90 Abs.3 Satz1 SGB XII f\u00fcr den Betroffenen darstellen w\u00fcrde.Die H\u00f6he der Bestattungsvorsorge bemisst sich dabei nach den \u00f6rtlichen Gegebenheiten (Friedhofsgeb\u00fchren, Kosten des Bestatters,&#8230;) und eine nach den W\u00fcnschen des Vorsorgenden angemessene Bestattung. Hierzu z\u00e4hlt auch die Vorsorge f\u00fcr eine Grabpflege.<\/p><p><strong>Wer k\u00fcmmert sich um die Bestattungsvorsorge?<\/strong><br \/>Der Betroffene selbst regelt die Bestattungsvorsorge. Ist er hierzu nicht mehr in der Lage, kann dies auch der Betreuer tun. Der Betreuer sollte die Bestattungsvorsorge mit dem Betreuungsgericht besprechen.<\/p>\t\t\t\t\t\t\t\t<\/div>\n\t\t\t\t<\/div>\n\t\t\t\t\t<\/div>\n\t\t\t\t<\/div>\n\t\t\t\t<\/div>\n\t\t","protected":false},"excerpt":{"rendered":"<p>Bestattungs&shy;vorsorge Warum Bestattungsvorsorge?Durch eine Bestattungsvorsorge kann fr\u00fchzeitig festgelegt werden, in welcher Form eine Bestattung vollzogen werden soll. Nur so kann den W\u00fcnschen und Bed\u00fcrfnissen am ehesten Rechnung getragen werden. Wie kann vorgesorgt werden?Eine Bestattungsvorsorge ist z.B. m\u00f6glich mittels eines Bestattungsvorsorgevertrages mit einem Bestatter einer Sterbegeldversicherung Laut Urteil des Bundessozialgerichtes (BSG) vom 18.3.2008 wird anerkannt, dass [&hellip;]<\/p>\n","protected":false},"author":1,"featured_media":0,"parent":0,"menu_order":0,"comment_status":"closed","ping_status":"closed","template":"","meta":{"footnotes":""},"class_list":["post-635","page","type-page","status-publish","hentry"],"_links":{"self":[{"href":"https:\/\/skfm-nk.de\/index.php\/wp-json\/wp\/v2\/pages\/635","targetHints":{"allow":["GET"]}}],"collection":[{"href":"https:\/\/skfm-nk.de\/index.php\/wp-json\/wp\/v2\/pages"}],"about":[{"href":"https:\/\/skfm-nk.de\/index.php\/wp-json\/wp\/v2\/types\/page"}],"author":[{"embeddable":true,"href":"https:\/\/skfm-nk.de\/index.php\/wp-json\/wp\/v2\/users\/1"}],"replies":[{"embeddable":true,"href":"https:\/\/skfm-nk.de\/index.php\/wp-json\/wp\/v2\/comments?post=635"}],"version-history":[{"count":10,"href":"https:\/\/skfm-nk.de\/index.php\/wp-json\/wp\/v2\/pages\/635\/revisions"}],"predecessor-version":[{"id":2788,"href":"https:\/\/skfm-nk.de\/index.php\/wp-json\/wp\/v2\/pages\/635\/revisions\/2788"}],"wp:attachment":[{"href":"https:\/\/skfm-nk.de\/index.php\/wp-json\/wp\/v2\/media?parent=635"}],"curies":[{"name":"wp","href":"https:\/\/api.w.org\/{rel}","templated":true}]}}