{"id":86,"date":"2023-09-19T13:37:13","date_gmt":"2023-09-19T13:37:13","guid":{"rendered":"https:\/\/jjk.merioscloud.de\/index.php\/home\/"},"modified":"2025-12-23T08:36:30","modified_gmt":"2025-12-23T08:36:30","slug":"home","status":"publish","type":"page","link":"https:\/\/skfm-nk.de\/","title":{"rendered":"Home"},"content":{"rendered":"\t\t<div data-elementor-type=\"wp-page\" data-elementor-id=\"86\" class=\"elementor elementor-86\" data-elementor-post-type=\"page\">\n\t\t\t\t<div class=\"elementor-element elementor-element-68084794 e-con-full e-flex e-con e-parent\" data-id=\"68084794\" data-element_type=\"container\" data-settings=\"{&quot;background_background&quot;:&quot;classic&quot;}\">\n\t\t<div class=\"elementor-element elementor-element-551c8334 e-con-full e-flex e-con e-child\" data-id=\"551c8334\" data-element_type=\"container\" data-settings=\"{&quot;background_background&quot;:&quot;classic&quot;,&quot;animation&quot;:&quot;none&quot;}\">\n\t\t\t\t<div class=\"elementor-element elementor-element-256e6d40 elementor-widget__width-auto elementor-invisible elementor-widget elementor-widget-heading\" data-id=\"256e6d40\" data-element_type=\"widget\" data-settings=\"{&quot;_animation&quot;:&quot;fadeIn&quot;}\" data-widget_type=\"heading.default\">\n\t\t\t\t<div class=\"elementor-widget-container\">\n\t\t\t\t\t<h1 class=\"elementor-heading-title elementor-size-default\">Willkommen beim Sozialdienst Katholischer Frauen und M\u00e4nner f\u00fcr den Landkreis Neunkirchen<\/h1>\t\t\t\t<\/div>\n\t\t\t\t<\/div>\n\t\t\t\t<\/div>\n\t\t\t\t<div class=\"elementor-element elementor-element-2e600ee9 elementor-widget__width-initial elementor-absolute elementor-widget-mobile__width-inherit elementor-hidden-mobile elementor-invisible elementor-widget elementor-widget-image\" data-id=\"2e600ee9\" data-element_type=\"widget\" data-settings=\"{&quot;_position&quot;:&quot;absolute&quot;,&quot;_animation&quot;:&quot;slideInRight&quot;}\" data-widget_type=\"image.default\">\n\t\t\t\t<div class=\"elementor-widget-container\">\n\t\t\t\t\t\t\t\t\t\t\t\t\t\t\t<img fetchpriority=\"high\" decoding=\"async\" width=\"800\" height=\"531\" src=\"https:\/\/skfm-nk.de\/wp-content\/uploads\/2023\/09\/Fotolia_45246027_M-1024x680.jpg\" class=\"attachment-large size-large wp-image-160\" alt=\"\" srcset=\"https:\/\/skfm-nk.de\/wp-content\/uploads\/2023\/09\/Fotolia_45246027_M-1024x680.jpg 1024w, https:\/\/skfm-nk.de\/wp-content\/uploads\/2023\/09\/Fotolia_45246027_M-300x199.jpg 300w, https:\/\/skfm-nk.de\/wp-content\/uploads\/2023\/09\/Fotolia_45246027_M-768x510.jpg 768w, https:\/\/skfm-nk.de\/wp-content\/uploads\/2023\/09\/Fotolia_45246027_M-1536x1020.jpg 1536w, https:\/\/skfm-nk.de\/wp-content\/uploads\/2023\/09\/Fotolia_45246027_M.jpg 1691w\" sizes=\"(max-width: 800px) 100vw, 800px\" \/>\t\t\t\t\t\t\t\t\t\t\t\t\t\t\t<\/div>\n\t\t\t\t<\/div>\n\t\t<div class=\"elementor-element elementor-element-16ed3747 e-flex e-con-boxed e-con e-child\" data-id=\"16ed3747\" data-element_type=\"container\" data-settings=\"{&quot;background_background&quot;:&quot;classic&quot;}\">\n\t\t\t\t\t<div class=\"e-con-inner\">\n\t\t<div class=\"elementor-element elementor-element-6cd2d8d5 e-con-full e-flex e-con e-child\" data-id=\"6cd2d8d5\" data-element_type=\"container\">\n\t\t\t\t<div class=\"elementor-element elementor-element-7ef1c8aa elementor-widget elementor-widget-text-editor\" data-id=\"7ef1c8aa\" data-element_type=\"widget\" data-settings=\"{&quot;_animation&quot;:&quot;none&quot;}\" data-widget_type=\"text-editor.default\">\n\t\t\t\t<div class=\"elementor-widget-container\">\n\t\t\t\t\t\t\t\t\t<p><strong>SKFM.<\/strong> Ihr Ansprechpartner bei Fragen zum Betreuungsrecht und zu Vorsorgem\u00f6glichkeiten. <strong>Menschen<\/strong> sollen bleiben wie sie sind. Wir helfen dabei.\u00a0<\/p>\t\t\t\t\t\t\t\t<\/div>\n\t\t\t\t<\/div>\n\t\t\t\t<\/div>\n\t\t<div class=\"elementor-element elementor-element-6ff74996 e-flex e-con-boxed e-con e-child\" data-id=\"6ff74996\" data-element_type=\"container\">\n\t\t\t\t\t<div class=\"e-con-inner\">\n\t\t\t\t<div class=\"elementor-element elementor-element-25505f56 elementor-align-justify elementor-widget__width-initial elementor-widget elementor-widget-button\" data-id=\"25505f56\" data-element_type=\"widget\" data-widget_type=\"button.default\">\n\t\t\t\t<div class=\"elementor-widget-container\">\n\t\t\t\t\t\t\t\t\t<div class=\"elementor-button-wrapper\">\n\t\t\t\t\t<a class=\"elementor-button elementor-button-link elementor-size-sm\" href=\"https:\/\/skfm-nk.de\/index.php\/contact\/\">\n\t\t\t\t\t\t<span class=\"elementor-button-content-wrapper\">\n\t\t\t\t\t\t\t\t\t<span class=\"elementor-button-text\">Kontakt<\/span>\n\t\t\t\t\t<\/span>\n\t\t\t\t\t<\/a>\n\t\t\t\t<\/div>\n\t\t\t\t\t\t\t\t<\/div>\n\t\t\t\t<\/div>\n\t\t\t\t<div class=\"elementor-element elementor-element-8dee868 elementor-align-justify elementor-widget__width-initial elementor-widget elementor-widget-button\" data-id=\"8dee868\" data-element_type=\"widget\" data-widget_type=\"button.default\">\n\t\t\t\t<div class=\"elementor-widget-container\">\n\t\t\t\t\t\t\t\t\t<div class=\"elementor-button-wrapper\">\n\t\t\t\t\t<a class=\"elementor-button elementor-button-link elementor-size-sm\" href=\"https:\/\/skfm-nk.de\/index.php\/termine\/\">\n\t\t\t\t\t\t<span class=\"elementor-button-content-wrapper\">\n\t\t\t\t\t\t\t\t\t<span class=\"elementor-button-text\">Termine<\/span>\n\t\t\t\t\t<\/span>\n\t\t\t\t\t<\/a>\n\t\t\t\t<\/div>\n\t\t\t\t\t\t\t\t<\/div>\n\t\t\t\t<\/div>\n\t\t\t\t<div class=\"elementor-element elementor-element-b3c35e5 elementor-align-justify elementor-widget__width-initial elementor-widget elementor-widget-button\" data-id=\"b3c35e5\" data-element_type=\"widget\" data-widget_type=\"button.default\">\n\t\t\t\t<div class=\"elementor-widget-container\">\n\t\t\t\t\t\t\t\t\t<div class=\"elementor-button-wrapper\">\n\t\t\t\t\t<a class=\"elementor-button elementor-button-link elementor-size-sm\" href=\"https:\/\/skfm-nk.de\/index.php\/aktuell\/\">\n\t\t\t\t\t\t<span class=\"elementor-button-content-wrapper\">\n\t\t\t\t\t\t\t\t\t<span class=\"elementor-button-text\">Aktuelles\/Rundbrief<\/span>\n\t\t\t\t\t<\/span>\n\t\t\t\t\t<\/a>\n\t\t\t\t<\/div>\n\t\t\t\t\t\t\t\t<\/div>\n\t\t\t\t<\/div>\n\t\t\t\t\t<\/div>\n\t\t\t\t<\/div>\n\t\t\t\t\t<\/div>\n\t\t\t\t<\/div>\n\t\t\t\t<\/div>\n\t\t<div class=\"elementor-element elementor-element-762e2c26 e-flex e-con-boxed e-con e-parent\" data-id=\"762e2c26\" data-element_type=\"container\" data-settings=\"{&quot;background_background&quot;:&quot;classic&quot;}\">\n\t\t\t\t\t<div class=\"e-con-inner\">\n\t\t\t\t<div class=\"elementor-element elementor-element-681ad57d elementor-invisible elementor-widget elementor-widget-heading\" data-id=\"681ad57d\" data-element_type=\"widget\" data-settings=\"{&quot;_animation&quot;:&quot;fadeIn&quot;}\" data-widget_type=\"heading.default\">\n\t\t\t\t<div class=\"elementor-widget-container\">\n\t\t\t\t\t<h2 class=\"elementor-heading-title elementor-size-default\">Unsere Angebote<\/h2>\t\t\t\t<\/div>\n\t\t\t\t<\/div>\n\t\t\t\t\t<\/div>\n\t\t\t\t<\/div>\n\t\t<div class=\"elementor-element elementor-element-7f431688 e-flex e-con-boxed e-con e-parent\" data-id=\"7f431688\" data-element_type=\"container\">\n\t\t\t\t\t<div class=\"e-con-inner\">\n\t\t<div class=\"elementor-element elementor-element-1e05f61a e-con-full e-flex elementor-invisible e-con e-child\" data-id=\"1e05f61a\" data-element_type=\"container\" data-settings=\"{&quot;motion_fx_motion_fx_scrolling&quot;:&quot;yes&quot;,&quot;motion_fx_translateY_effect&quot;:&quot;yes&quot;,&quot;motion_fx_translateY_speed&quot;:{&quot;unit&quot;:&quot;px&quot;,&quot;size&quot;:0.5,&quot;sizes&quot;:[]},&quot;motion_fx_devices&quot;:[&quot;desktop&quot;,&quot;tablet&quot;],&quot;animation&quot;:&quot;slideInUp&quot;,&quot;motion_fx_translateY_affectedRange&quot;:{&quot;unit&quot;:&quot;%&quot;,&quot;size&quot;:&quot;&quot;,&quot;sizes&quot;:{&quot;start&quot;:0,&quot;end&quot;:100}}}\">\n\t\t\t\t<div class=\"elementor-element elementor-element-54d10055 elementor-view-default elementor-widget elementor-widget-icon\" data-id=\"54d10055\" data-element_type=\"widget\" data-widget_type=\"icon.default\">\n\t\t\t\t<div class=\"elementor-widget-container\">\n\t\t\t\t\t\t\t<div class=\"elementor-icon-wrapper\">\n\t\t\t<div class=\"elementor-icon\">\n\t\t\t<i aria-hidden=\"true\" class=\"far fa-handshake\"><\/i>\t\t\t<\/div>\n\t\t<\/div>\n\t\t\t\t\t\t<\/div>\n\t\t\t\t<\/div>\n\t\t\t\t<div class=\"elementor-element elementor-element-6c3c9d9 elementor-widget elementor-widget-text-editor\" data-id=\"6c3c9d9\" data-element_type=\"widget\" data-widget_type=\"text-editor.default\">\n\t\t\t\t<div class=\"elementor-widget-container\">\n\t\t\t\t\t\t\t\t\t<ul><li>Wir informieren und beraten zu betreuungsrechtlichen Fragen, Vorsorgevollmachten, Patientenverf\u00fcgungen und Betreuungsverf\u00fcgungen<\/li><li>Wir bieten Schulungen, Fortbildung und Erfahrungsaustausch an\u00a0<\/li><li>Wir beraten, begleiten und unterst\u00fctzen ehrenamtliche Betreuerinnen und Betreuer sowie Bevollm\u00e4chtigte<\/li><\/ul>\t\t\t\t\t\t\t\t<\/div>\n\t\t\t\t<\/div>\n\t\t\t\t<div class=\"elementor-element elementor-element-68b75948 elementor-position-right elementor-vertical-align-bottom elementor-mobile-position-right e-transform elementor-view-default elementor-widget elementor-widget-icon-box\" data-id=\"68b75948\" data-element_type=\"widget\" data-settings=\"{&quot;_transform_translateX_effect_hover&quot;:{&quot;unit&quot;:&quot;px&quot;,&quot;size&quot;:5,&quot;sizes&quot;:[]},&quot;_transform_translateX_effect_hover_laptop&quot;:{&quot;unit&quot;:&quot;px&quot;,&quot;size&quot;:&quot;&quot;,&quot;sizes&quot;:[]},&quot;_transform_translateX_effect_hover_tablet_extra&quot;:{&quot;unit&quot;:&quot;px&quot;,&quot;size&quot;:&quot;&quot;,&quot;sizes&quot;:[]},&quot;_transform_translateX_effect_hover_tablet&quot;:{&quot;unit&quot;:&quot;px&quot;,&quot;size&quot;:&quot;&quot;,&quot;sizes&quot;:[]},&quot;_transform_translateX_effect_hover_mobile&quot;:{&quot;unit&quot;:&quot;px&quot;,&quot;size&quot;:&quot;&quot;,&quot;sizes&quot;:[]},&quot;_transform_translateY_effect_hover&quot;:{&quot;unit&quot;:&quot;px&quot;,&quot;size&quot;:&quot;&quot;,&quot;sizes&quot;:[]},&quot;_transform_translateY_effect_hover_laptop&quot;:{&quot;unit&quot;:&quot;px&quot;,&quot;size&quot;:&quot;&quot;,&quot;sizes&quot;:[]},&quot;_transform_translateY_effect_hover_tablet_extra&quot;:{&quot;unit&quot;:&quot;px&quot;,&quot;size&quot;:&quot;&quot;,&quot;sizes&quot;:[]},&quot;_transform_translateY_effect_hover_tablet&quot;:{&quot;unit&quot;:&quot;px&quot;,&quot;size&quot;:&quot;&quot;,&quot;sizes&quot;:[]},&quot;_transform_translateY_effect_hover_mobile&quot;:{&quot;unit&quot;:&quot;px&quot;,&quot;size&quot;:&quot;&quot;,&quot;sizes&quot;:[]}}\" data-widget_type=\"icon-box.default\">\n\t\t\t\t<div class=\"elementor-widget-container\">\n\t\t\t\t\t\t\t<div class=\"elementor-icon-box-wrapper\">\n\n\t\t\t\t\t\t<div class=\"elementor-icon-box-icon\">\n\t\t\t\t<a href=\"https:\/\/skfm-nk.de\/index.php\/unser-angebot-richtet-sich-an\/\" class=\"elementor-icon elementor-animation-\" tabindex=\"-1\">\n\t\t\t\t<svg xmlns=\"http:\/\/www.w3.org\/2000\/svg\" id=\"Layer_1\" width=\"22.34\" height=\"9.14\" viewBox=\"0 0 22.34 9.14\"><path d=\"M22.16,4.13h0S18.21,.18,18.21,.18c-.24-.24-.64-.24-.88,0-.24,.24-.24,.64,0,.88l2.89,2.89H0v1.24H0s20.22,0,20.22,0l-2.89,2.89c-.24,.24-.24,.63,0,.88,.24,.24,.63,.24,.88,0l3.95-3.95c.24-.24,.24-.63,0-.88Z\"><\/path><\/svg>\t\t\t\t<\/a>\n\t\t\t<\/div>\n\t\t\t\n\t\t\t\t\t\t<div class=\"elementor-icon-box-content\">\n\n\t\t\t\t\t\t\t\t\t<p class=\"elementor-icon-box-title\">\n\t\t\t\t\t\t<a href=\"https:\/\/skfm-nk.de\/index.php\/unser-angebot-richtet-sich-an\/\" >\n\t\t\t\t\t\t\terfahren Sie mehr\t\t\t\t\t\t<\/a>\n\t\t\t\t\t<\/p>\n\t\t\t\t\n\t\t\t\t\n\t\t\t<\/div>\n\t\t\t\n\t\t<\/div>\n\t\t\t\t\t\t<\/div>\n\t\t\t\t<\/div>\n\t\t\t\t<\/div>\n\t\t\t\t\t<\/div>\n\t\t\t\t<\/div>\n\t\t<div class=\"elementor-element elementor-element-29b1b034 e-flex e-con-boxed e-con e-parent\" data-id=\"29b1b034\" data-element_type=\"container\" data-settings=\"{&quot;background_background&quot;:&quot;classic&quot;}\">\n\t\t\t\t\t<div class=\"e-con-inner\">\n\t\t<div class=\"elementor-element elementor-element-823b844 e-con-full e-flex e-con e-child\" data-id=\"823b844\" data-element_type=\"container\" data-settings=\"{&quot;background_background&quot;:&quot;classic&quot;}\">\n\t\t\t\t<\/div>\n\t\t<div class=\"elementor-element elementor-element-6b19d233 e-con-full e-flex e-con e-child\" data-id=\"6b19d233\" data-element_type=\"container\" data-settings=\"{&quot;motion_fx_motion_fx_scrolling&quot;:&quot;yes&quot;,&quot;motion_fx_translateY_effect&quot;:&quot;yes&quot;,&quot;motion_fx_translateY_direction&quot;:&quot;negative&quot;,&quot;motion_fx_translateY_speed&quot;:{&quot;unit&quot;:&quot;px&quot;,&quot;size&quot;:1,&quot;sizes&quot;:[]},&quot;motion_fx_translateY_affectedRange&quot;:{&quot;unit&quot;:&quot;%&quot;,&quot;size&quot;:&quot;&quot;,&quot;sizes&quot;:{&quot;start&quot;:0,&quot;end&quot;:100}},&quot;motion_fx_devices&quot;:[&quot;desktop&quot;,&quot;laptop&quot;,&quot;tablet_extra&quot;,&quot;tablet&quot;,&quot;mobile&quot;]}\">\n\t\t\t\t<div class=\"elementor-element elementor-element-691e601d elementor-invisible elementor-widget elementor-widget-heading\" data-id=\"691e601d\" data-element_type=\"widget\" data-settings=\"{&quot;_animation&quot;:&quot;fadeIn&quot;}\" data-widget_type=\"heading.default\">\n\t\t\t\t<div class=\"elementor-widget-container\">\n\t\t\t\t\t<h2 class=\"elementor-heading-title elementor-size-default\">Werden Sie BetreuerIn<\/h2>\t\t\t\t<\/div>\n\t\t\t\t<\/div>\n\t\t\t\t<div class=\"elementor-element elementor-element-3399b456 elementor-invisible elementor-widget elementor-widget-text-editor\" data-id=\"3399b456\" data-element_type=\"widget\" data-settings=\"{&quot;_animation&quot;:&quot;fadeIn&quot;,&quot;_animation_delay&quot;:200}\" data-widget_type=\"text-editor.default\">\n\t\t\t\t<div class=\"elementor-widget-container\">\n\t\t\t\t\t\t\t\t\t<p>Wenn Sie Interesse an einer ehrenamtlichen T\u00e4tigkeit als BetreuerIn haben, kontaktieren Sie uns einfach. In einem gemeinsamen Termin k\u00f6nnen dann die jeweiligen Erwartungen und W\u00fcnsche gekl\u00e4rt werden. In Zusammenarbeit mit der Betreuungsbeh\u00f6rde f\u00fchren wir regelm\u00e4\u00dfig Schulungen, Informationsveranstaltungen und Treffen zum Informationsaustausch f\u00fcr ehrenamtliche BetreuerInnen durch, die Ihren Einstieg und die T\u00e4tigkeit als BetreuerIn erleichtern.<\/p>\t\t\t\t\t\t\t\t<\/div>\n\t\t\t\t<\/div>\n\t\t\t\t<div class=\"elementor-element elementor-element-115ae969 elementor-align-justify elementor-widget__width-initial elementor-invisible elementor-widget elementor-widget-button\" data-id=\"115ae969\" data-element_type=\"widget\" data-settings=\"{&quot;_animation&quot;:&quot;fadeIn&quot;,&quot;_animation_delay&quot;:450}\" data-widget_type=\"button.default\">\n\t\t\t\t<div class=\"elementor-widget-container\">\n\t\t\t\t\t\t\t\t\t<div class=\"elementor-button-wrapper\">\n\t\t\t\t\t<a class=\"elementor-button elementor-button-link elementor-size-sm\" href=\"https:\/\/skfm-nk.de\/index.php\/contact\/\">\n\t\t\t\t\t\t<span class=\"elementor-button-content-wrapper\">\n\t\t\t\t\t\t\t\t\t<span class=\"elementor-button-text\">Kontakt<\/span>\n\t\t\t\t\t<\/span>\n\t\t\t\t\t<\/a>\n\t\t\t\t<\/div>\n\t\t\t\t\t\t\t\t<\/div>\n\t\t\t\t<\/div>\n\t\t\t\t<\/div>\n\t\t\t\t\t<\/div>\n\t\t\t\t<\/div>\n\t\t<div class=\"elementor-element elementor-element-194f4719 e-con-full e-flex e-con e-parent\" data-id=\"194f4719\" data-element_type=\"container\">\n\t\t<div class=\"elementor-element elementor-element-24542641 e-con-full e-flex e-con e-child\" data-id=\"24542641\" data-element_type=\"container\">\n\t\t\t\t<div class=\"elementor-element elementor-element-e0a365c elementor-invisible elementor-widget elementor-widget-heading\" data-id=\"e0a365c\" data-element_type=\"widget\" data-settings=\"{&quot;_animation&quot;:&quot;fadeIn&quot;}\" data-widget_type=\"heading.default\">\n\t\t\t\t<div class=\"elementor-widget-container\">\n\t\t\t\t\t<h2 class=\"elementor-heading-title elementor-size-default\">Unsere Ansprech&shy;partnerInnen<\/h2>\t\t\t\t<\/div>\n\t\t\t\t<\/div>\n\t\t\t\t<div class=\"elementor-element elementor-element-3c894bf7 elementor-align-justify elementor-widget__width-initial elementor-invisible elementor-widget elementor-widget-button\" data-id=\"3c894bf7\" data-element_type=\"widget\" data-settings=\"{&quot;_animation&quot;:&quot;fadeIn&quot;,&quot;_animation_delay&quot;:450}\" data-widget_type=\"button.default\">\n\t\t\t\t<div class=\"elementor-widget-container\">\n\t\t\t\t\t\t\t\t\t<div class=\"elementor-button-wrapper\">\n\t\t\t\t\t<a class=\"elementor-button elementor-button-link elementor-size-sm\" href=\"https:\/\/skfm-nk.de\/index.php\/contact\/\">\n\t\t\t\t\t\t<span class=\"elementor-button-content-wrapper\">\n\t\t\t\t\t\t\t\t\t<span class=\"elementor-button-text\">Kontakt<\/span>\n\t\t\t\t\t<\/span>\n\t\t\t\t\t<\/a>\n\t\t\t\t<\/div>\n\t\t\t\t\t\t\t\t<\/div>\n\t\t\t\t<\/div>\n\t\t\t\t<\/div>\n\t\t<div class=\"elementor-element elementor-element-1348c907 e-con-full e-flex e-con e-child\" data-id=\"1348c907\" data-element_type=\"container\">\n\t\t\t\t<div class=\"elementor-element elementor-element-1a462484 elementor-widget-mobile__width-inherit elementor-widget-tablet__width-inherit elementor-invisible elementor-widget elementor-widget-image\" data-id=\"1a462484\" data-element_type=\"widget\" data-settings=\"{&quot;_animation&quot;:&quot;slideInDown&quot;,&quot;_animation_tablet&quot;:&quot;slideInLeft&quot;}\" data-widget_type=\"image.default\">\n\t\t\t\t<div class=\"elementor-widget-container\">\n\t\t\t\t\t\t\t\t\t\t\t\t\t\t\t<img decoding=\"async\" width=\"768\" height=\"955\" src=\"https:\/\/skfm-nk.de\/wp-content\/uploads\/2023\/12\/SKFM-Team-8790birgit_langenbahn2-768x955.jpg\" class=\"attachment-medium_large size-medium_large wp-image-2735\" alt=\"\" srcset=\"https:\/\/skfm-nk.de\/wp-content\/uploads\/2023\/12\/SKFM-Team-8790birgit_langenbahn2-768x955.jpg 768w, https:\/\/skfm-nk.de\/wp-content\/uploads\/2023\/12\/SKFM-Team-8790birgit_langenbahn2-241x300.jpg 241w, https:\/\/skfm-nk.de\/wp-content\/uploads\/2023\/12\/SKFM-Team-8790birgit_langenbahn2-824x1024.jpg 824w, https:\/\/skfm-nk.de\/wp-content\/uploads\/2023\/12\/SKFM-Team-8790birgit_langenbahn2-1235x1536.jpg 1235w, https:\/\/skfm-nk.de\/wp-content\/uploads\/2023\/12\/SKFM-Team-8790birgit_langenbahn2-1647x2048.jpg 1647w\" sizes=\"(max-width: 768px) 100vw, 768px\" \/>\t\t\t\t\t\t\t\t\t\t\t\t\t\t\t<\/div>\n\t\t\t\t<\/div>\n\t\t\t\t<div class=\"elementor-element elementor-element-d730941 elementor-widget elementor-widget-heading\" data-id=\"d730941\" data-element_type=\"widget\" data-widget_type=\"heading.default\">\n\t\t\t\t<div class=\"elementor-widget-container\">\n\t\t\t\t\t<h2 class=\"elementor-heading-title elementor-size-default\">Birgit Langenbahn<\/h2>\t\t\t\t<\/div>\n\t\t\t\t<\/div>\n\t\t\t\t<div class=\"elementor-element elementor-element-b97320a elementor-widget elementor-widget-text-editor\" data-id=\"b97320a\" data-element_type=\"widget\" data-widget_type=\"text-editor.default\">\n\t\t\t\t<div class=\"elementor-widget-container\">\n\t\t\t\t\t\t\t\t\t<p>Dipl. Sozialarbeiterin\/Sozialp\u00e4dagogin<br \/>Tel.: 06821 \u2013 913799<br \/>Mail: b.langenbahn@skfm-nk.de<\/p>\t\t\t\t\t\t\t\t<\/div>\n\t\t\t\t<\/div>\n\t\t\t\t<\/div>\n\t\t<div class=\"elementor-element elementor-element-51f6471 e-con-full e-flex e-con e-child\" data-id=\"51f6471\" data-element_type=\"container\">\n\t\t\t\t<div class=\"elementor-element elementor-element-75f438b5 elementor-widget-mobile__width-inherit elementor-widget-tablet__width-inherit elementor-invisible elementor-widget elementor-widget-image\" data-id=\"75f438b5\" data-element_type=\"widget\" data-settings=\"{&quot;_animation_tablet&quot;:&quot;slideInRight&quot;,&quot;_animation&quot;:&quot;slideInDown&quot;,&quot;_animation_delay&quot;:300}\" data-widget_type=\"image.default\">\n\t\t\t\t<div class=\"elementor-widget-container\">\n\t\t\t\t\t\t\t\t\t\t\t\t\t\t\t<img decoding=\"async\" width=\"768\" height=\"955\" src=\"https:\/\/skfm-nk.de\/wp-content\/uploads\/2023\/11\/SKFM_Team_Nina_Heinrich-768x955.jpg\" class=\"attachment-medium_large size-medium_large wp-image-1237\" alt=\"\" srcset=\"https:\/\/skfm-nk.de\/wp-content\/uploads\/2023\/11\/SKFM_Team_Nina_Heinrich-768x955.jpg 768w, https:\/\/skfm-nk.de\/wp-content\/uploads\/2023\/11\/SKFM_Team_Nina_Heinrich-241x300.jpg 241w, https:\/\/skfm-nk.de\/wp-content\/uploads\/2023\/11\/SKFM_Team_Nina_Heinrich-824x1024.jpg 824w, https:\/\/skfm-nk.de\/wp-content\/uploads\/2023\/11\/SKFM_Team_Nina_Heinrich-1235x1536.jpg 1235w, https:\/\/skfm-nk.de\/wp-content\/uploads\/2023\/11\/SKFM_Team_Nina_Heinrich-1647x2048.jpg 1647w\" sizes=\"(max-width: 768px) 100vw, 768px\" \/>\t\t\t\t\t\t\t\t\t\t\t\t\t\t\t<\/div>\n\t\t\t\t<\/div>\n\t\t\t\t<div class=\"elementor-element elementor-element-a99ed75 elementor-widget elementor-widget-heading\" data-id=\"a99ed75\" data-element_type=\"widget\" data-widget_type=\"heading.default\">\n\t\t\t\t<div class=\"elementor-widget-container\">\n\t\t\t\t\t<h2 class=\"elementor-heading-title elementor-size-default\">Nina Heinrich<\/h2>\t\t\t\t<\/div>\n\t\t\t\t<\/div>\n\t\t\t\t<div class=\"elementor-element elementor-element-6283e6a elementor-widget elementor-widget-text-editor\" data-id=\"6283e6a\" data-element_type=\"widget\" data-widget_type=\"text-editor.default\">\n\t\t\t\t<div class=\"elementor-widget-container\">\n\t\t\t\t\t\t\t\t\t<p>Sozialarbeiterin\/Sozialp\u00e4dagogin<br \/>Master of Eval<br \/>Mail: n.heinrich@skfm-nk.de<\/p>\t\t\t\t\t\t\t\t<\/div>\n\t\t\t\t<\/div>\n\t\t\t\t<\/div>\n\t\t<div class=\"elementor-element elementor-element-0464911 e-con-full e-flex e-con e-child\" data-id=\"0464911\" data-element_type=\"container\">\n\t\t\t\t<div class=\"elementor-element elementor-element-1772f2c elementor-widget-mobile__width-inherit elementor-widget-tablet__width-inherit elementor-invisible elementor-widget elementor-widget-image\" data-id=\"1772f2c\" data-element_type=\"widget\" data-settings=\"{&quot;_animation_tablet&quot;:&quot;slideInRight&quot;,&quot;_animation&quot;:&quot;slideInDown&quot;,&quot;_animation_delay&quot;:300}\" data-widget_type=\"image.default\">\n\t\t\t\t<div class=\"elementor-widget-container\">\n\t\t\t\t\t\t\t\t\t\t\t\t\t\t\t<img loading=\"lazy\" decoding=\"async\" width=\"768\" height=\"954\" src=\"https:\/\/skfm-nk.de\/wp-content\/uploads\/2023\/12\/SKFM_Team-Martin_Eisenbeis5-768x954.jpg\" class=\"attachment-medium_large size-medium_large wp-image-2757\" alt=\"\" srcset=\"https:\/\/skfm-nk.de\/wp-content\/uploads\/2023\/12\/SKFM_Team-Martin_Eisenbeis5-768x954.jpg 768w, https:\/\/skfm-nk.de\/wp-content\/uploads\/2023\/12\/SKFM_Team-Martin_Eisenbeis5-241x300.jpg 241w, https:\/\/skfm-nk.de\/wp-content\/uploads\/2023\/12\/SKFM_Team-Martin_Eisenbeis5-824x1024.jpg 824w, https:\/\/skfm-nk.de\/wp-content\/uploads\/2023\/12\/SKFM_Team-Martin_Eisenbeis5-1236x1536.jpg 1236w, https:\/\/skfm-nk.de\/wp-content\/uploads\/2023\/12\/SKFM_Team-Martin_Eisenbeis5-1648x2048.jpg 1648w\" sizes=\"(max-width: 768px) 100vw, 768px\" \/>\t\t\t\t\t\t\t\t\t\t\t\t\t\t\t<\/div>\n\t\t\t\t<\/div>\n\t\t\t\t<div class=\"elementor-element elementor-element-cc59f88 elementor-widget elementor-widget-heading\" data-id=\"cc59f88\" data-element_type=\"widget\" data-widget_type=\"heading.default\">\n\t\t\t\t<div class=\"elementor-widget-container\">\n\t\t\t\t\t<h2 class=\"elementor-heading-title elementor-size-default\">Martin Eisenbeis<\/h2>\t\t\t\t<\/div>\n\t\t\t\t<\/div>\n\t\t\t\t<div class=\"elementor-element elementor-element-dd6ef20 elementor-widget elementor-widget-text-editor\" data-id=\"dd6ef20\" data-element_type=\"widget\" data-widget_type=\"text-editor.default\">\n\t\t\t\t<div class=\"elementor-widget-container\">\n\t\t\t\t\t\t\t\t\t<p>Dipl. Sozialarbeiter\/Sozialp\u00e4dagoge<br \/>Tel.: 06821 \u2013 13940<br \/>Mail: m.eisenbeis@skfm-nk.de<\/p>\t\t\t\t\t\t\t\t<\/div>\n\t\t\t\t<\/div>\n\t\t\t\t<\/div>\n\t\t\t\t<\/div>\n\t\t\t\t<\/div>\n\t\t","protected":false},"excerpt":{"rendered":"<p>Willkommen beim Sozialdienst Katholischer Frauen und M\u00e4nner f\u00fcr den Landkreis Neunkirchen SKFM. Ihr Ansprechpartner bei Fragen zum Betreuungsrecht und zu Vorsorgem\u00f6glichkeiten. Menschen sollen bleiben wie sie sind. Wir helfen dabei.\u00a0 Kontakt Termine Aktuelles\/Rundbrief Unsere Angebote Wir informieren und beraten zu betreuungsrechtlichen Fragen, Vorsorgevollmachten, Patientenverf\u00fcgungen und Betreuungsverf\u00fcgungen Wir bieten Schulungen, Fortbildung und Erfahrungsaustausch an\u00a0 Wir beraten, [&hellip;]<\/p>\n","protected":false},"author":1,"featured_media":0,"parent":0,"menu_order":0,"comment_status":"closed","ping_status":"closed","template":"elementor_header_footer","meta":{"footnotes":""},"class_list":["post-86","page","type-page","status-publish","hentry"],"_links":{"self":[{"href":"https:\/\/skfm-nk.de\/index.php\/wp-json\/wp\/v2\/pages\/86","targetHints":{"allow":["GET"]}}],"collection":[{"href":"https:\/\/skfm-nk.de\/index.php\/wp-json\/wp\/v2\/pages"}],"about":[{"href":"https:\/\/skfm-nk.de\/index.php\/wp-json\/wp\/v2\/types\/page"}],"author":[{"embeddable":true,"href":"https:\/\/skfm-nk.de\/index.php\/wp-json\/wp\/v2\/users\/1"}],"replies":[{"embeddable":true,"href":"https:\/\/skfm-nk.de\/index.php\/wp-json\/wp\/v2\/comments?post=86"}],"version-history":[{"count":523,"href":"https:\/\/skfm-nk.de\/index.php\/wp-json\/wp\/v2\/pages\/86\/revisions"}],"predecessor-version":[{"id":4369,"href":"https:\/\/skfm-nk.de\/index.php\/wp-json\/wp\/v2\/pages\/86\/revisions\/4369"}],"wp:attachment":[{"href":"https:\/\/skfm-nk.de\/index.php\/wp-json\/wp\/v2\/media?parent=86"}],"curies":[{"name":"wp","href":"https:\/\/api.w.org\/{rel}","templated":true}]}}